{"id":1774,"date":"2019-04-08T13:06:55","date_gmt":"2019-04-08T11:06:55","guid":{"rendered":"http:\/\/homeandhelp.com\/?page_id=1774"},"modified":"2020-11-09T13:12:25","modified_gmt":"2020-11-09T12:12:25","slug":"politica-de-cookies","status":"publish","type":"page","link":"https:\/\/homeandhelp.com\/es\/politica-de-cookies\/","title":{"rendered":"Pol\u00edtica de Cookies"},"content":{"rendered":"\t\t<div data-elementor-type=\"wp-post\" data-elementor-id=\"1774\" class=\"elementor elementor-1774\" data-elementor-post-type=\"page\">\n\t\t\t\t\t\t<section class=\"elementor-section elementor-top-section elementor-element elementor-element-4ce259f elementor-section-boxed elementor-section-height-default elementor-section-height-default\" data-id=\"4ce259f\" data-element_type=\"section\" data-settings=\"{&quot;jet_parallax_layout_list&quot;:[]}\">\n\t\t\t\t\t\t<div class=\"elementor-container elementor-column-gap-default\">\n\t\t\t\t\t<div class=\"elementor-column elementor-col-100 elementor-top-column elementor-element elementor-element-9644438\" data-id=\"9644438\" data-element_type=\"column\">\n\t\t\t<div class=\"elementor-widget-wrap elementor-element-populated\">\n\t\t\t\t\t\t<div class=\"elementor-element elementor-element-304af1d elementor-widget elementor-widget-heading\" data-id=\"304af1d\" data-element_type=\"widget\" data-widget_type=\"heading.default\">\n\t\t\t\t<div class=\"elementor-widget-container\">\n\t\t\t\t\t<h2 class=\"elementor-heading-title elementor-size-default\">Pol\u00edtica de Cookies<\/h2>\t\t\t\t<\/div>\n\t\t\t\t<\/div>\n\t\t\t\t\t<\/div>\n\t\t<\/div>\n\t\t\t\t\t<\/div>\n\t\t<\/section>\n\t\t\t\t<section class=\"elementor-section elementor-top-section elementor-element elementor-element-3629378 elementor-section-boxed elementor-section-height-default elementor-section-height-default\" data-id=\"3629378\" data-element_type=\"section\" data-settings=\"{&quot;jet_parallax_layout_list&quot;:[]}\">\n\t\t\t\t\t\t<div class=\"elementor-container elementor-column-gap-default\">\n\t\t\t\t\t<div class=\"elementor-column elementor-col-100 elementor-top-column elementor-element elementor-element-04545de\" data-id=\"04545de\" data-element_type=\"column\">\n\t\t\t<div class=\"elementor-widget-wrap elementor-element-populated\">\n\t\t\t\t\t\t<div class=\"elementor-element elementor-element-2eb2823 elementor-widget elementor-widget-text-editor\" data-id=\"2eb2823\" data-element_type=\"widget\" data-widget_type=\"text-editor.default\">\n\t\t\t\t<div class=\"elementor-widget-container\">\n\t\t\t\t\t\t\t\t\t<p><span style=\"color: #000000;\"><b>DEFINICI\u00d3N Y FUNCIONES<\/b><\/span><\/p><p><span style=\"color: #000000;\">Este sitio web utiliza un analizador de tr\u00e1fico que emplea peque\u00f1os archivos de informaci\u00f3n denominados y conocidos como \u201ccookies\u201d y\/o tecnolog\u00edas similares que almacenan y recuperan informaci\u00f3n cuando cualquier usuario navega por nuestra web. El servidor env\u00eda al equipo del usuario los contenidos para el correcto funcionamiento y visualizaci\u00f3n de la web, as\u00ed como la recogida de datos estad\u00edsticos sobre el uso y navegaci\u00f3n por nuestro sitio web. En general, estas tecnolog\u00edas pueden servir para finalidades muy diversas, entre las que destacamos las siguientes:<\/span><\/p><p><span style=\"color: #000000;\">Podemos recabar informaci\u00f3n sobre su ordenador, incluido en su caso, su direcci\u00f3n de IP, sistema operativo y tipo de navegador. Las cookies contienen informaci\u00f3n que se transfiere al disco duro de su ordenador.<\/span><\/p><p><span style=\"color: #000000;\">Las cookies tambi\u00e9n nos ayudan a mejorar nuestro sitio web, a prestar un servicio destacado y m\u00e1s personalizado. En concreto, nos permiten:<\/span><\/p><ul><li style=\"color: #000000;\"><span style=\"color: #000000;\">Hacer una estimaci\u00f3n sobre n\u00fameros y patrones de uso.<\/span><\/li><li style=\"color: #000000;\"><span style=\"color: #000000;\">Almacenar informaci\u00f3n acerca de sus preferencias y personalizar nuestro sitio web de conformidad con sus intereses individuales.<\/span><\/li><li style=\"color: #000000;\"><span style=\"color: #000000;\">Acelerar sus b\u00fasquedas.<\/span><\/li><li style=\"color: #000000;\"><span style=\"color: #000000;\">Reconocerle cuando regrese de nuevo a nuestro sitio.<\/span><\/li><\/ul><p><span style=\"color: #000000;\"><b>IDENTIFICACI\u00d3N DE LAS COOKIES<\/b><\/span><\/p><p><span style=\"color: #000000;\"><b>Cookies propias<\/b><\/span><\/p><p><span style=\"color: #000000;\">Son aquellas que se env\u00edan al equipo terminal del usuario desde un equipo o dominio gestionado por el propio editor y desde el que se presta el servicio solicitado por el usuario.<\/span><\/p><p><span style=\"color: #000000;\"><b>Cookies de terceros<\/b><\/span><\/p><p><span style=\"color: #000000;\">Son aquellas que se env\u00edan al equipo terminal del usuario desde un equipo o dominio que no es gestionado por el editor, sino por otra entidad que trata los datos obtenidos trav\u00e9s de las cookies.<\/span><\/p><p><span style=\"color: #000000;\"><b>TIPO DE COOKIES Y FINALIDAD<\/b><\/span><\/p><p><span style=\"color: #000000;\"><b>T\u00e9cnicas<\/b><\/span><\/p><p><span style=\"color: #000000;\">Son aquellas que permiten al usuario la navegaci\u00f3n a trav\u00e9s de una p\u00e1gina web, plataforma o aplicaci\u00f3n y la utilizaci\u00f3n de las diferentes opciones o servicios que en ella existan, incluyendo aquellas que el editor utiliza para permitir la gesti\u00f3n y operativa de la p\u00e1gina web y habilitar sus funciones y servicios, como, por ejemplo, controlar el tr\u00e1fico y la comunicaci\u00f3n de datos, identificar la sesi\u00f3n, acceder a partes de acceso restringido, recordar los elementos que integran un pedido, realizar el proceso de compra de un pedido, gestionar el pago, controlar el fraude vinculado a la seguridad del servicio, realizar la solicitud de inscripci\u00f3n o participaci\u00f3n en un evento, contar visitas a efectos de la facturaci\u00f3n de licencias del software con el que funciona el servicio (sitio web, plataforma o aplicaci\u00f3n), utilizar elementos de seguridad durante la navegaci\u00f3n, almacenar contenidos para la difusi\u00f3n de v\u00eddeos o sonido, habilitar contenidos din\u00e1micos (por ejemplo, animaci\u00f3n de carga de un texto o imagen) o compartir contenidos a trav\u00e9s de redes sociales.<\/span><\/p><p><span style=\"color: #000000;\"><b>De preferencias o personalizaci\u00f3n<\/b><\/span><\/p><p><span style=\"color: #000000;\">Son aquellas que permiten recordar informaci\u00f3n para que el usuario acceda al servicio con determinadas caracter\u00edsticas que pueden diferenciar su experiencia de la de otros usuarios, como, por ejemplo, el idioma, el n\u00famero de resultados a mostrar cuando el usuario realiza una b\u00fasqueda, el aspecto o contenido del servicio en funci\u00f3n del tipo de navegador a trav\u00e9s del cual el usuario accede al servicio o de la regi\u00f3n desde la que accede al servicio, etc.<\/span><\/p><p><span style=\"color: #000000;\"><b>De an\u00e1lisis o medici\u00f3n<\/b><\/span><\/p><p><span style=\"color: #000000;\">Son aquellas que, tratadas por nosotros o por terceros, nos permiten cuantificar el n\u00famero de usuarios y as\u00ed realizar la medici\u00f3n y an\u00e1lisis estad\u00edstico de la utilizaci\u00f3n que hacen los usuarios del servicio ofertado. Para ello se analiza su navegaci\u00f3n en nuestra p\u00e1gina web con el fin de mejorar la oferta de productos o servicios que le ofrecemos.<\/span><\/p><p><span style=\"color: #000000;\"><b>Publicitarias comportamentales<\/b><\/span><\/p><p><span style=\"color: #000000;\">Son aquellas que, tratadas por nosotros o por terceros, nos permiten analizar sus h\u00e1bitos de navegaci\u00f3n en Internet para que podamos mostrarle publicidad relacionada con su perfil de navegaci\u00f3n.<\/span><\/p><p><span style=\"color: #000000;\"><b>ACEPTACI\u00d3N, RECHAZO O ELIMINACI\u00d3N DE LAS COOKIES<\/b><\/span><\/p><p><span style=\"color: #000000;\">Este sitio web muestra informaci\u00f3n sobre su Pol\u00edtica de Cookies en la parte inferior o superior del portal en cada inicio de sesi\u00f3n con el objeto de que usted sea consciente e informado de ello.<\/span><\/p><p><span style=\"color: #000000;\">Puede usted <b>aceptar<\/b> la instalaci\u00f3n de las cookies en su navegador web que podr\u00e1 encontrar en el panel informativo mediante un bot\u00f3n que le permita <i>aceptar todas las cookies<\/i> a trav\u00e9s de una clara acci\u00f3n afirmativa y positiva.<\/span><\/p><p><span style=\"color: #000000;\">Tambi\u00e9n puede usted <b>rechazar<\/b> el uso de cookies mediante la selecci\u00f3n de negarse a la instalaci\u00f3n y su uso en su navegador pulsando el bot\u00f3n para <i>rechazarlas en bloque<\/i>. Sin embargo, debe saber que si lo hace puede ser que no pueda gozar de la plena funcionalidad de este sitio web.<\/span><\/p><p><span style=\"color: #000000;\">En \u00faltima instancia, tiene usted la posibilidad de <b>borrar<\/b> la cookies previamente instaladas desde la configuraci\u00f3n del propio navegador que est\u00e9 utilizando para ello.<\/span><\/p><p><span style=\"color: #000000;\">Este sitio web realiza tratamiento de informaci\u00f3n acerca de usted por Google. A estos efectos, se informa que Google Inc. tiene la consideraci\u00f3n de \u201cpuerto seguro\u201d en cuanto a la normativa de protecci\u00f3n de datos personales.<\/span><\/p><p><span style=\"color: #000000;\"><b>CONSENTIMIENTO<\/b><\/span><\/p><p><span style=\"color: #000000;\">El Usuario debe dar su <b>previo consentimiento<\/b>, salvo indicaci\u00f3n en contrario, al uso de \u201ccookies\u201d y autoriza tambi\u00e9n los seguimientos de su IP durante la navegaci\u00f3n en el sitio Web.<\/span><\/p><p><span style=\"color: #000000;\">A menos que haya ajustado la configuraci\u00f3n de su navegador web de forma que rechace todas o algunas de las cookies, nosotros recabaremos <b>el consentimiento<\/b> a cada usuario para la instalaci\u00f3n y funcionamiento de las cookies durante el periodo de 24 meses y que, durante este mismo periodo, se conserve la selecci\u00f3n realizada por el usuario sobre sus preferencias, sin que se le solicite un nuevo consentimiento cada vez que visite la p\u00e1gina web.<\/span><\/p><p><span style=\"color: #000000;\">Existen varios mecanismos para obtener el consentimiento que podemos utilizar en esta web por ejemplo, mediante formato de informaci\u00f3n por capas, a trav\u00e9s de la configuraci\u00f3n del navegador, o el simple hecho de continuar navegando por la web ser\u00eda suficiente.<\/span><br \/><a name=\"configuracion\"><\/a><br \/><span style=\"color: #000000;\"><b>CONFIGURACI\u00d3N<\/b><\/span><\/p><p><span style=\"color: #000000;\">Siguiendo las directrices europeas de la normativa de protecci\u00f3n de datos que puedan verse afectados por el uso de cookies, los distintos navegadores de Internet cuentan con herramientas de configuraci\u00f3n para que el Usuario, si lo desea, pueda desactivar y\/o eliminar estas cookies o bien activar en su navegador el modo de navegaci\u00f3n privada.<\/span><\/p><p><span style=\"color: #000000;\">La configuraci\u00f3n de las opciones del navegador instalado en su ordenador pueden ser:<\/span><\/p><ul><li><span style=\"color: #000000;\">Chrome:<\/span><br \/><span style=\"color: #000000;\"><a style=\"color: #000000;\" href=\"https:\/\/support.google.com\/chrome\/answer\/95647?co=GENIE.Platform%3DDesktop&amp;hl=es\">https:\/\/support.google.com\/chrome\/answer\/95647?co=GENIE.Platform%3DDesktop&amp;hl=es<\/a><\/span><\/li><li><span style=\"color: #000000;\">MicrosoftEdge:<\/span><br \/><span style=\"color: #000000;\"><a style=\"color: #000000;\" href=\"https:\/\/support.microsoft.com\/es-es\/help\/4468242\/microsoft-edge-browsing-data-and-privacy\">https:\/\/support.microsoft.com\/es-es\/help\/4468242\/microsoft-edge-browsing-data-and-privacy<\/a><\/span><\/li><li style=\"color: #000000;\"><span style=\"color: #000000;\">Safari:<\/span><br \/><span style=\"color: #000000;\"><a style=\"color: #000000;\" href=\"https:\/\/support.apple.com\/es-es\/guide\/safari\/sfri11471\/mac\">https:\/\/support.apple.com\/es-es\/guide\/safari\/sfri11471\/mac<\/a><\/span><\/li><li style=\"color: #000000;\"><span style=\"color: #000000;\">Firefox:<\/span><br \/><span style=\"color: #000000;\"><a style=\"color: #000000;\" href=\"https:\/\/support.mozilla.org\/es\/kb\/habilitar-y-deshabilitar-cookies-sitios-web-rastrear-preferencias\">https:\/\/support.mozilla.org\/es\/kb\/habilitar-y-deshabilitar-cookies-sitios-web-rastrear-pre<\/a><\/span><\/li><li style=\"color: #000000;\"><span style=\"color: #000000;\">Explorer:<\/span><br \/><span style=\"color: #000000;\"><a style=\"color: #000000;\" href=\"https:\/\/support.microsoft.com\/es-es\/help\/17442\/windows-internet-explorer-delete-manage-cookies\">https:\/\/support.microsoft.com\/es-es\/help\/17442\/windows-internet-explorer-delete-manage-cookies<\/a><\/span><\/li><li style=\"list-style-type: none;\">\u00a0<\/li><\/ul><p><span style=\"color: #000000;\"><b>\u00bfQU\u00c9 COOKIES UTILIZAMOS Y PARA QU\u00c9?<\/b><\/span><\/p><p><span style=\"color: #000000;\">A continuaci\u00f3n, se presenta una explicaci\u00f3n m\u00e1s detallada de cada tipo de cookie, su finalidad, tipo, temporalidad y titularidad.<\/span><\/p><p><span style=\"color: #000000;\">Google Analytics es un servicio anal\u00edtico de web prestado por Google, Inc., una compa\u00f1\u00eda de Delaware cuya oficina principal est\u00e1 en 1600 Amphitheatre Parkway, Mountain View (California), CA 94043, Estados Unidos (\u201cGoogle\u201d).<\/span><\/p><p><span style=\"color: #000000;\"><b>Google Analytics<\/b> usa las siguientes cookies:<\/span><\/p><p><span style=\"color: #000000;\"><strong>_ga<\/strong>, <strong>_gat<\/strong>, <strong>_gid<\/strong>, <strong>_gcl_au<\/strong> y otras posibles cookies a cargar por el servicio de monitorizaci\u00f3n de visitas de Google.<\/span><\/p><p><span style=\"color: #000000;\">La finalidad de dichas cookies es: Generar un identificador de usuario \u00fanico, que es el que se utiliza para hacer recuento de cu\u00e1ntas veces visita el sitio un usuario, as\u00ed como la fecha de la primera y la \u00faltima vez que visit\u00f3 la web. Registrar la fecha y hora de acceso a cualquiera de las p\u00e1ginas del Sitio. Comprobar la necesidad de mantener la sesi\u00f3n de un usuario abierta o crear una nueva. Identificar la sesi\u00f3n del usuario, para recoger la ubicaci\u00f3n geogr\u00e1fica aproximada del ordenador que accede al Sitio con efectos estad\u00edsticos.<\/span><\/p><p><span style=\"color: #000000;\">Son\u00a0 cookies anal\u00edticas. Pueden ser tanto temporales como persistentes. Son ajenas y tienen sus propias condiciones de servicio.<\/span><\/p><p><b>Cookies de Doubleclick:<\/b><\/p><p>DoubleClick usa cookies para mejorar la publicidad. Suelen utilizarse para orientar la publicidad seg\u00fan el contenido que es relevante para un usuario, mejorar los informes de rendimiento de la campa\u00f1a y evitar mostrar anuncios que el usuario ya haya visto.<\/p><table id=\"CookieTable\" class=\"table table-striped table-bordered mb-5\"><tbody><tr><td>test_cookie<\/td><td>Esta cookie es establecida por doubleclick.net. La finalidad de esta cookie es determinar si el navegador del usuario permite las cookies.<\/td><\/tr><\/tbody><\/table><table id=\"CookieTable\" class=\"table table-striped table-bordered mb-5\"><tbody><tr><td>IDE<\/td><td>Utilizada por Google DoubleClick para registrar e informar sobre las acciones del usuario en el sitio web tras visualizar o hacer clic en uno de los anuncios del anunciante con el prop\u00f3sito de medir la eficacia del anuncio y presen tar anuncios espec\u00edficos para el usuario.<\/td><\/tr><\/tbody><\/table><p><a class=\"external\" href=\"https:\/\/policies.google.com\/technologies\/types?hl=es.%20https:\/\/policies.google.com\/technologies\/managing?hl=es\" rel=\"nofollow\">Consulta m\u00e1s informaci\u00f3n.\u00a0<\/a><\/p><p><b>Cookies de JoinChat:<\/b><\/p><p>Join.chat no usa cookies.<\/p><p>Join.chat guarda dos variables `localStorage` para su correcto funcionamiento:<\/p><ul><li><code>joinchat_views<\/code>\u00a0es un contador de visitas para controlar cuando mostrar la ventana de chat.<\/li><li><code>joinchat_hashes<\/code>\u00a0si has establecido una llamada a la acci\u00f3n (CTA), cuando el usuario lanza WhatsApp o cierra la ventana del chat, el hash del CTA se guarda para evitar mostrar autom\u00e1ticamente ese CTA de nuevo.<\/li><\/ul>\t\t\t\t\t\t\t\t<\/div>\n\t\t\t\t<\/div>\n\t\t\t\t\t<\/div>\n\t\t<\/div>\n\t\t\t\t\t<\/div>\n\t\t<\/section>\n\t\t\t\t<\/div>\n\t\t","protected":false},"excerpt":{"rendered":"<p>Pol\u00edtica de Cookies DEFINICI\u00d3N Y FUNCIONES Este sitio web utiliza un analizador de tr\u00e1fico que emplea peque\u00f1os archivos de informaci\u00f3n denominados y conocidos como \u201ccookies\u201d y\/o tecnolog\u00edas similares que almacenan y recuperan informaci\u00f3n cuando cualquier usuario navega por nuestra web. El servidor env\u00eda al equipo del usuario los contenidos para el correcto funcionamiento y visualizaci\u00f3n [&hellip;]<\/p>\n","protected":false},"author":1,"featured_media":0,"parent":0,"menu_order":0,"comment_status":"closed","ping_status":"closed","template":"","meta":{"site-sidebar-layout":"no-sidebar","site-content-layout":"page-builder","ast-site-content-layout":"default","site-content-style":"default","site-sidebar-style":"default","ast-global-header-display":"","ast-banner-title-visibility":"","ast-main-header-display":"","ast-hfb-above-header-display":"","ast-hfb-below-header-display":"","ast-hfb-mobile-header-display":"","site-post-title":"disabled","ast-breadcrumbs-content":"","ast-featured-img":"disabled","footer-sml-layout":"","theme-transparent-header-meta":"default","adv-header-id-meta":"","stick-header-meta":"","header-above-stick-meta":"","header-main-stick-meta":"","header-below-stick-meta":"","astra-migrate-meta-layouts":"default","ast-page-background-enabled":"default","ast-page-background-meta":{"desktop":{"background-color":"var(--ast-global-color-4)","background-image":"","background-repeat":"repeat","background-position":"center center","background-size":"auto","background-attachment":"scroll","background-type":"","background-media":"","overlay-type":"","overlay-color":"","overlay-opacity":"","overlay-gradient":""},"tablet":{"background-color":"","background-image":"","background-repeat":"repeat","background-position":"center center","background-size":"auto","background-attachment":"scroll","background-type":"","background-media":"","overlay-type":"","overlay-color":"","overlay-opacity":"","overlay-gradient":""},"mobile":{"background-color":"","background-image":"","background-repeat":"repeat","background-position":"center center","background-size":"auto","background-attachment":"scroll","background-type":"","background-media":"","overlay-type":"","overlay-color":"","overlay-opacity":"","overlay-gradient":""}},"ast-content-background-meta":{"desktop":{"background-color":"var(--ast-global-color-5)","background-image":"","background-repeat":"repeat","background-position":"center center","background-size":"auto","background-attachment":"scroll","background-type":"","background-media":"","overlay-type":"","overlay-color":"","overlay-opacity":"","overlay-gradient":""},"tablet":{"background-color":"var(--ast-global-color-5)","background-image":"","background-repeat":"repeat","background-position":"center center","background-size":"auto","background-attachment":"scroll","background-type":"","background-media":"","overlay-type":"","overlay-color":"","overlay-opacity":"","overlay-gradient":""},"mobile":{"background-color":"var(--ast-global-color-5)","background-image":"","background-repeat":"repeat","background-position":"center center","background-size":"auto","background-attachment":"scroll","background-type":"","background-media":"","overlay-type":"","overlay-color":"","overlay-opacity":"","overlay-gradient":""}},"_joinchat":[],"footnotes":""},"class_list":["post-1774","page","type-page","status-publish","hentry"],"yoast_head":"<!-- This site is optimized with the Yoast SEO plugin v25.9 - https:\/\/yoast.com\/wordpress\/plugins\/seo\/ -->\n<title>Pol\u00edtica de Cookies - Home and Help Construction<\/title>\n<meta name=\"robots\" content=\"noindex, nofollow\" \/>\n<meta property=\"og:locale\" content=\"es_ES\" \/>\n<meta property=\"og:type\" content=\"article\" \/>\n<meta property=\"og:title\" content=\"Pol\u00edtica de Cookies - Home and Help Construction\" \/>\n<meta property=\"og:description\" content=\"Pol\u00edtica de Cookies DEFINICI\u00d3N Y FUNCIONES Este sitio web utiliza un analizador de tr\u00e1fico que emplea peque\u00f1os archivos de informaci\u00f3n denominados y conocidos como \u201ccookies\u201d y\/o tecnolog\u00edas similares que almacenan y recuperan informaci\u00f3n cuando cualquier usuario navega por nuestra web. El servidor env\u00eda al equipo del usuario los contenidos para el correcto funcionamiento y visualizaci\u00f3n [&hellip;]\" \/>\n<meta property=\"og:url\" content=\"https:\/\/homeandhelp.com\/es\/politica-de-cookies\/\" \/>\n<meta property=\"og:site_name\" content=\"Home and Help Construction\" \/>\n<meta property=\"article:modified_time\" content=\"2020-11-09T12:12:25+00:00\" \/>\n<meta name=\"twitter:card\" content=\"summary_large_image\" \/>\n<meta name=\"twitter:label1\" content=\"Tiempo de lectura\" \/>\n\t<meta name=\"twitter:data1\" content=\"8 minutos\" \/>\n<script type=\"application\/ld+json\" class=\"yoast-schema-graph\">{\"@context\":\"https:\/\/schema.org\",\"@graph\":[{\"@type\":\"WebPage\",\"@id\":\"https:\/\/homeandhelp.com\/es\/politica-de-cookies\/\",\"url\":\"https:\/\/homeandhelp.com\/es\/politica-de-cookies\/\",\"name\":\"Pol\u00edtica de Cookies - Home and Help Construction\",\"isPartOf\":{\"@id\":\"https:\/\/homeandhelp.com\/es\/#website\"},\"datePublished\":\"2019-04-08T11:06:55+00:00\",\"dateModified\":\"2020-11-09T12:12:25+00:00\",\"breadcrumb\":{\"@id\":\"https:\/\/homeandhelp.com\/es\/politica-de-cookies\/#breadcrumb\"},\"inLanguage\":\"es\",\"potentialAction\":[{\"@type\":\"ReadAction\",\"target\":[\"https:\/\/homeandhelp.com\/es\/politica-de-cookies\/\"]}]},{\"@type\":\"BreadcrumbList\",\"@id\":\"https:\/\/homeandhelp.com\/es\/politica-de-cookies\/#breadcrumb\",\"itemListElement\":[{\"@type\":\"ListItem\",\"position\":1,\"name\":\"Portada\",\"item\":\"https:\/\/homeandhelp.com\/es\/\"},{\"@type\":\"ListItem\",\"position\":2,\"name\":\"Pol\u00edtica de Cookies\"}]},{\"@type\":\"WebSite\",\"@id\":\"https:\/\/homeandhelp.com\/es\/#website\",\"url\":\"https:\/\/homeandhelp.com\/es\/\",\"name\":\"Home and Help Construction\",\"description\":\"\",\"publisher\":{\"@id\":\"https:\/\/homeandhelp.com\/es\/#organization\"},\"potentialAction\":[{\"@type\":\"SearchAction\",\"target\":{\"@type\":\"EntryPoint\",\"urlTemplate\":\"https:\/\/homeandhelp.com\/es\/?s={search_term_string}\"},\"query-input\":{\"@type\":\"PropertyValueSpecification\",\"valueRequired\":true,\"valueName\":\"search_term_string\"}}],\"inLanguage\":\"es\"},{\"@type\":\"Organization\",\"@id\":\"https:\/\/homeandhelp.com\/es\/#organization\",\"name\":\"Home and Help Construction\",\"url\":\"https:\/\/homeandhelp.com\/es\/\",\"logo\":{\"@type\":\"ImageObject\",\"inLanguage\":\"es\",\"@id\":\"https:\/\/homeandhelp.com\/es\/#\/schema\/logo\/image\/\",\"url\":\"https:\/\/homeandhelp.com\/wp-content\/uploads\/2019\/03\/Home-Help-Construction-Logo.png\",\"contentUrl\":\"https:\/\/homeandhelp.com\/wp-content\/uploads\/2019\/03\/Home-Help-Construction-Logo.png\",\"width\":253,\"height\":144,\"caption\":\"Home and Help Construction\"},\"image\":{\"@id\":\"https:\/\/homeandhelp.com\/es\/#\/schema\/logo\/image\/\"}}]}<\/script>\n<!-- \/ Yoast SEO plugin. -->","yoast_head_json":{"title":"Pol\u00edtica de Cookies - Home and Help Construction","robots":{"index":"noindex","follow":"nofollow"},"og_locale":"es_ES","og_type":"article","og_title":"Pol\u00edtica de Cookies - Home and Help Construction","og_description":"Pol\u00edtica de Cookies DEFINICI\u00d3N Y FUNCIONES Este sitio web utiliza un analizador de tr\u00e1fico que emplea peque\u00f1os archivos de informaci\u00f3n denominados y conocidos como \u201ccookies\u201d y\/o tecnolog\u00edas similares que almacenan y recuperan informaci\u00f3n cuando cualquier usuario navega por nuestra web. El servidor env\u00eda al equipo del usuario los contenidos para el correcto funcionamiento y visualizaci\u00f3n [&hellip;]","og_url":"https:\/\/homeandhelp.com\/es\/politica-de-cookies\/","og_site_name":"Home and Help Construction","article_modified_time":"2020-11-09T12:12:25+00:00","twitter_card":"summary_large_image","twitter_misc":{"Tiempo de lectura":"8 minutos"},"schema":{"@context":"https:\/\/schema.org","@graph":[{"@type":"WebPage","@id":"https:\/\/homeandhelp.com\/es\/politica-de-cookies\/","url":"https:\/\/homeandhelp.com\/es\/politica-de-cookies\/","name":"Pol\u00edtica de Cookies - Home and Help Construction","isPartOf":{"@id":"https:\/\/homeandhelp.com\/es\/#website"},"datePublished":"2019-04-08T11:06:55+00:00","dateModified":"2020-11-09T12:12:25+00:00","breadcrumb":{"@id":"https:\/\/homeandhelp.com\/es\/politica-de-cookies\/#breadcrumb"},"inLanguage":"es","potentialAction":[{"@type":"ReadAction","target":["https:\/\/homeandhelp.com\/es\/politica-de-cookies\/"]}]},{"@type":"BreadcrumbList","@id":"https:\/\/homeandhelp.com\/es\/politica-de-cookies\/#breadcrumb","itemListElement":[{"@type":"ListItem","position":1,"name":"Portada","item":"https:\/\/homeandhelp.com\/es\/"},{"@type":"ListItem","position":2,"name":"Pol\u00edtica de Cookies"}]},{"@type":"WebSite","@id":"https:\/\/homeandhelp.com\/es\/#website","url":"https:\/\/homeandhelp.com\/es\/","name":"Home and Help Construction","description":"","publisher":{"@id":"https:\/\/homeandhelp.com\/es\/#organization"},"potentialAction":[{"@type":"SearchAction","target":{"@type":"EntryPoint","urlTemplate":"https:\/\/homeandhelp.com\/es\/?s={search_term_string}"},"query-input":{"@type":"PropertyValueSpecification","valueRequired":true,"valueName":"search_term_string"}}],"inLanguage":"es"},{"@type":"Organization","@id":"https:\/\/homeandhelp.com\/es\/#organization","name":"Home and Help Construction","url":"https:\/\/homeandhelp.com\/es\/","logo":{"@type":"ImageObject","inLanguage":"es","@id":"https:\/\/homeandhelp.com\/es\/#\/schema\/logo\/image\/","url":"https:\/\/homeandhelp.com\/wp-content\/uploads\/2019\/03\/Home-Help-Construction-Logo.png","contentUrl":"https:\/\/homeandhelp.com\/wp-content\/uploads\/2019\/03\/Home-Help-Construction-Logo.png","width":253,"height":144,"caption":"Home and Help Construction"},"image":{"@id":"https:\/\/homeandhelp.com\/es\/#\/schema\/logo\/image\/"}}]}},"_links":{"self":[{"href":"https:\/\/homeandhelp.com\/es\/wp-json\/wp\/v2\/pages\/1774","targetHints":{"allow":["GET"]}}],"collection":[{"href":"https:\/\/homeandhelp.com\/es\/wp-json\/wp\/v2\/pages"}],"about":[{"href":"https:\/\/homeandhelp.com\/es\/wp-json\/wp\/v2\/types\/page"}],"author":[{"embeddable":true,"href":"https:\/\/homeandhelp.com\/es\/wp-json\/wp\/v2\/users\/1"}],"replies":[{"embeddable":true,"href":"https:\/\/homeandhelp.com\/es\/wp-json\/wp\/v2\/comments?post=1774"}],"version-history":[{"count":8,"href":"https:\/\/homeandhelp.com\/es\/wp-json\/wp\/v2\/pages\/1774\/revisions"}],"predecessor-version":[{"id":3688,"href":"https:\/\/homeandhelp.com\/es\/wp-json\/wp\/v2\/pages\/1774\/revisions\/3688"}],"wp:attachment":[{"href":"https:\/\/homeandhelp.com\/es\/wp-json\/wp\/v2\/media?parent=1774"}],"curies":[{"name":"wp","href":"https:\/\/api.w.org\/{rel}","templated":true}]}}