{"id":1524,"date":"2019-03-26T21:46:00","date_gmt":"2019-03-26T20:46:00","guid":{"rendered":"http:\/\/homeandhelp.com\/?page_id=1524"},"modified":"2020-10-02T12:34:11","modified_gmt":"2020-10-02T10:34:11","slug":"proyecto-hormigon-impreso","status":"publish","type":"page","link":"https:\/\/homeandhelp.com\/es\/proyecto-hormigon-impreso\/","title":{"rendered":"Pavimento de Hormig\u00f3n Impreso"},"content":{"rendered":"\t\t<div data-elementor-type=\"wp-post\" data-elementor-id=\"1524\" class=\"elementor elementor-1524\" data-elementor-post-type=\"page\">\n\t\t\t\t\t\t<section class=\"elementor-section elementor-top-section elementor-element elementor-element-6130515 elementor-section-boxed elementor-section-height-default elementor-section-height-default\" data-id=\"6130515\" data-element_type=\"section\" data-settings=\"{&quot;background_background&quot;:&quot;classic&quot;,&quot;jet_parallax_layout_list&quot;:[]}\">\n\t\t\t\t\t\t<div class=\"elementor-container elementor-column-gap-default\">\n\t\t\t\t\t<div class=\"elementor-column elementor-col-100 elementor-top-column elementor-element elementor-element-987b15e\" data-id=\"987b15e\" data-element_type=\"column\" data-settings=\"{&quot;background_background&quot;:&quot;classic&quot;}\">\n\t\t\t<div class=\"elementor-widget-wrap elementor-element-populated\">\n\t\t\t\t\t\t<div class=\"elementor-element elementor-element-4627c26 elementor-widget elementor-widget-spacer\" data-id=\"4627c26\" data-element_type=\"widget\" data-widget_type=\"spacer.default\">\n\t\t\t\t<div class=\"elementor-widget-container\">\n\t\t\t\t\t\t\t<div class=\"elementor-spacer\">\n\t\t\t<div class=\"elementor-spacer-inner\"><\/div>\n\t\t<\/div>\n\t\t\t\t\t\t<\/div>\n\t\t\t\t<\/div>\n\t\t\t\t<div class=\"elementor-element elementor-element-7252dbc elementor-widget elementor-widget-heading\" data-id=\"7252dbc\" data-element_type=\"widget\" data-widget_type=\"heading.default\">\n\t\t\t\t<div class=\"elementor-widget-container\">\n\t\t\t\t\t<h3 class=\"elementor-heading-title elementor-size-default\">Pavimento de Hormig\u00f3n Impreso<\/h3>\t\t\t\t<\/div>\n\t\t\t\t<\/div>\n\t\t\t\t<div class=\"elementor-element elementor-element-ce14d83 elementor-widget elementor-widget-text-editor\" data-id=\"ce14d83\" data-element_type=\"widget\" data-widget_type=\"text-editor.default\">\n\t\t\t\t<div class=\"elementor-widget-container\">\n\t\t\t\t\t\t\t\t\t<p>Para los cambios que nos ped\u00eda el cliente, realizamos una reforma integral de la zona exterior. Se experiment\u00f3 una total transformaci\u00f3n del suelo cambiando el existente por un pavimento de hormig\u00f3n impreso acabado con barniz mate.<\/p><p>Tambi\u00e9n se buscaba cambiar la entrada a la vivienda, y para ello, nuestro equipo de especialistas dise\u00f1\u00f3 una nueva escalera con una barandilla de acero inoxidable y luces led integradas en los escalones para dotarla de luminosidad y belleza.<\/p><p>El jard\u00edn fue remodelado y se instal\u00f3 un nuevo sistema de riego autom\u00e1tico para facilitar el mantenimiento del mismo. A su vez, utilizamos un m\u00e9todo de iluminaci\u00f3n con balizas para dar luz a todo el entorno exterior de la casa.<\/p>\t\t\t\t\t\t\t\t<\/div>\n\t\t\t\t<\/div>\n\t\t\t\t<div class=\"elementor-element elementor-element-8cefb7c elementor-widget elementor-widget-image\" data-id=\"8cefb7c\" data-element_type=\"widget\" data-widget_type=\"image.default\">\n\t\t\t\t<div class=\"elementor-widget-container\">\n\t\t\t\t\t\t\t\t\t\t\t\t\t\t\t<img fetchpriority=\"high\" decoding=\"async\" width=\"815\" height=\"465\" src=\"https:\/\/homeandhelp.com\/wp-content\/uploads\/2019\/03\/pavimento-de-hormigon-impreso.jpg\" class=\"attachment-large size-large wp-image-1527\" alt=\"\" srcset=\"https:\/\/homeandhelp.com\/wp-content\/uploads\/2019\/03\/pavimento-de-hormigon-impreso.jpg 815w, https:\/\/homeandhelp.com\/wp-content\/uploads\/2019\/03\/pavimento-de-hormigon-impreso-300x171.jpg 300w, https:\/\/homeandhelp.com\/wp-content\/uploads\/2019\/03\/pavimento-de-hormigon-impreso-768x438.jpg 768w\" sizes=\"(max-width: 815px) 100vw, 815px\" \/>\t\t\t\t\t\t\t\t\t\t\t\t\t\t\t<\/div>\n\t\t\t\t<\/div>\n\t\t\t\t\t<\/div>\n\t\t<\/div>\n\t\t\t\t\t<\/div>\n\t\t<\/section>\n\t\t\t\t<section class=\"elementor-section elementor-top-section elementor-element elementor-element-5b28ce8 elementor-section-boxed elementor-section-height-default elementor-section-height-default\" data-id=\"5b28ce8\" data-element_type=\"section\" data-settings=\"{&quot;jet_parallax_layout_list&quot;:[]}\">\n\t\t\t\t\t\t<div class=\"elementor-container elementor-column-gap-default\">\n\t\t\t\t\t<div class=\"elementor-column elementor-col-100 elementor-top-column elementor-element elementor-element-c5b0613\" data-id=\"c5b0613\" data-element_type=\"column\">\n\t\t\t<div class=\"elementor-widget-wrap elementor-element-populated\">\n\t\t\t\t    <style>\n      .elementor-control-bwg_view_type_shortcode .elementor-control-input-wrapper,\n      .elementor-control-bwg_elementor_shortcode input {\n        visibility: hidden;\n      }\n      .elementor-control-bwg_elementor_shortcode input {\n        height: 0;\n      }\n      .elementor-control a.bwg-shortcode-btn {\n        text-decoration: none;\n        border-bottom:none;\n      }\n    <\/style>\n    \t\t\t<\/div>\n\t\t<\/div>\n\t\t\t\t\t<\/div>\n\t\t<\/section>\n\t\t\t\t<section class=\"elementor-section elementor-top-section elementor-element elementor-element-120dde1 elementor-section-boxed elementor-section-height-default elementor-section-height-default\" data-id=\"120dde1\" data-element_type=\"section\" data-settings=\"{&quot;jet_parallax_layout_list&quot;:[]}\">\n\t\t\t\t\t\t<div class=\"elementor-container elementor-column-gap-default\">\n\t\t\t\t\t<div class=\"elementor-column elementor-col-100 elementor-top-column elementor-element elementor-element-c7539ca\" data-id=\"c7539ca\" data-element_type=\"column\">\n\t\t\t<div class=\"elementor-widget-wrap elementor-element-populated\">\n\t\t\t\t\t\t<div class=\"elementor-element elementor-element-278dee5 elementor-widget elementor-widget-heading\" data-id=\"278dee5\" data-element_type=\"widget\" data-widget_type=\"heading.default\">\n\t\t\t\t<div class=\"elementor-widget-container\">\n\t\t\t\t\t<h4 class=\"elementor-heading-title elementor-size-default\">\u00a1Home and Help al Servicio del Cliente!<\/h4>\t\t\t\t<\/div>\n\t\t\t\t<\/div>\n\t\t\t\t<div class=\"elementor-element elementor-element-ca0e0e3 elementor-widget elementor-widget-spacer\" data-id=\"ca0e0e3\" data-element_type=\"widget\" data-widget_type=\"spacer.default\">\n\t\t\t\t<div class=\"elementor-widget-container\">\n\t\t\t\t\t\t\t<div class=\"elementor-spacer\">\n\t\t\t<div class=\"elementor-spacer-inner\"><\/div>\n\t\t<\/div>\n\t\t\t\t\t\t<\/div>\n\t\t\t\t<\/div>\n\t\t\t\t\t<\/div>\n\t\t<\/div>\n\t\t\t\t\t<\/div>\n\t\t<\/section>\n\t\t\t\t<section class=\"elementor-section elementor-top-section elementor-element elementor-element-4909564 elementor-section-boxed elementor-section-height-default elementor-section-height-default\" data-id=\"4909564\" data-element_type=\"section\" data-settings=\"{&quot;jet_parallax_layout_list&quot;:[]}\">\n\t\t\t\t\t\t<div class=\"elementor-container elementor-column-gap-default\">\n\t\t\t\t\t<div class=\"elementor-column elementor-col-100 elementor-top-column elementor-element elementor-element-f1e22f3\" data-id=\"f1e22f3\" data-element_type=\"column\">\n\t\t\t<div class=\"elementor-widget-wrap\">\n\t\t\t\t\t\t\t<\/div>\n\t\t<\/div>\n\t\t\t\t\t<\/div>\n\t\t<\/section>\n\t\t\t\t<section class=\"elementor-section elementor-top-section elementor-element elementor-element-3fda6c9 elementor-section-boxed elementor-section-height-default elementor-section-height-default\" data-id=\"3fda6c9\" data-element_type=\"section\" data-settings=\"{&quot;background_background&quot;:&quot;classic&quot;,&quot;jet_parallax_layout_list&quot;:[]}\">\n\t\t\t\t\t\t<div class=\"elementor-container elementor-column-gap-default\">\n\t\t\t\t\t<div class=\"elementor-column elementor-col-100 elementor-top-column elementor-element elementor-element-9993a27\" data-id=\"9993a27\" data-element_type=\"column\">\n\t\t\t<div class=\"elementor-widget-wrap elementor-element-populated\">\n\t\t\t\t\t\t<section class=\"elementor-section elementor-inner-section elementor-element elementor-element-6482d98 elementor-section-boxed elementor-section-height-default elementor-section-height-default\" data-id=\"6482d98\" data-element_type=\"section\" data-settings=\"{&quot;jet_parallax_layout_list&quot;:[]}\">\n\t\t\t\t\t\t<div class=\"elementor-container elementor-column-gap-default\">\n\t\t\t\t\t<div class=\"elementor-column elementor-col-100 elementor-inner-column elementor-element elementor-element-6962492\" data-id=\"6962492\" data-element_type=\"column\">\n\t\t\t<div class=\"elementor-widget-wrap elementor-element-populated\">\n\t\t\t\t\t\t<div class=\"elementor-element elementor-element-41a1469 elementor-widget elementor-widget-image\" data-id=\"41a1469\" data-element_type=\"widget\" data-widget_type=\"image.default\">\n\t\t\t\t<div class=\"elementor-widget-container\">\n\t\t\t\t\t\t\t\t\t\t\t\t\t\t\t<img decoding=\"async\" width=\"253\" height=\"144\" src=\"https:\/\/homeandhelp.com\/wp-content\/uploads\/2019\/03\/Home-Help-Construction-Logo.png\" class=\"attachment-large size-large wp-image-911\" alt=\"Home and Help Construction\" \/>\t\t\t\t\t\t\t\t\t\t\t\t\t\t\t<\/div>\n\t\t\t\t<\/div>\n\t\t\t\t\t<\/div>\n\t\t<\/div>\n\t\t\t\t\t<\/div>\n\t\t<\/section>\n\t\t\t\t\t<\/div>\n\t\t<\/div>\n\t\t\t\t\t<\/div>\n\t\t<\/section>\n\t\t\t\t<\/div>\n\t\t","protected":false},"excerpt":{"rendered":"<p>Pavimento de Hormig\u00f3n Impreso Para los cambios que nos ped\u00eda el cliente, realizamos una reforma integral de la zona exterior. Se experiment\u00f3 una total transformaci\u00f3n del suelo cambiando el existente por un pavimento de hormig\u00f3n impreso acabado con barniz mate. Tambi\u00e9n se buscaba cambiar la entrada a la vivienda, y para ello, nuestro equipo de [&hellip;]<\/p>\n","protected":false},"author":1,"featured_media":0,"parent":0,"menu_order":0,"comment_status":"closed","ping_status":"closed","template":"","meta":{"site-sidebar-layout":"no-sidebar","site-content-layout":"page-builder","ast-site-content-layout":"default","site-content-style":"default","site-sidebar-style":"default","ast-global-header-display":"","ast-banner-title-visibility":"","ast-main-header-display":"","ast-hfb-above-header-display":"","ast-hfb-below-header-display":"","ast-hfb-mobile-header-display":"","site-post-title":"disabled","ast-breadcrumbs-content":"","ast-featured-img":"disabled","footer-sml-layout":"","theme-transparent-header-meta":"default","adv-header-id-meta":"","stick-header-meta":"","header-above-stick-meta":"","header-main-stick-meta":"","header-below-stick-meta":"","astra-migrate-meta-layouts":"default","ast-page-background-enabled":"default","ast-page-background-meta":{"desktop":{"background-color":"var(--ast-global-color-4)","background-image":"","background-repeat":"repeat","background-position":"center center","background-size":"auto","background-attachment":"scroll","background-type":"","background-media":"","overlay-type":"","overlay-color":"","overlay-opacity":"","overlay-gradient":""},"tablet":{"background-color":"","background-image":"","background-repeat":"repeat","background-position":"center center","background-size":"auto","background-attachment":"scroll","background-type":"","background-media":"","overlay-type":"","overlay-color":"","overlay-opacity":"","overlay-gradient":""},"mobile":{"background-color":"","background-image":"","background-repeat":"repeat","background-position":"center center","background-size":"auto","background-attachment":"scroll","background-type":"","background-media":"","overlay-type":"","overlay-color":"","overlay-opacity":"","overlay-gradient":""}},"ast-content-background-meta":{"desktop":{"background-color":"var(--ast-global-color-5)","background-image":"","background-repeat":"repeat","background-position":"center center","background-size":"auto","background-attachment":"scroll","background-type":"","background-media":"","overlay-type":"","overlay-color":"","overlay-opacity":"","overlay-gradient":""},"tablet":{"background-color":"var(--ast-global-color-5)","background-image":"","background-repeat":"repeat","background-position":"center center","background-size":"auto","background-attachment":"scroll","background-type":"","background-media":"","overlay-type":"","overlay-color":"","overlay-opacity":"","overlay-gradient":""},"mobile":{"background-color":"var(--ast-global-color-5)","background-image":"","background-repeat":"repeat","background-position":"center center","background-size":"auto","background-attachment":"scroll","background-type":"","background-media":"","overlay-type":"","overlay-color":"","overlay-opacity":"","overlay-gradient":""}},"_joinchat":[],"footnotes":""},"class_list":["post-1524","page","type-page","status-publish","hentry"],"yoast_head":"<!-- This site is optimized with the Yoast SEO plugin v25.9 - https:\/\/yoast.com\/wordpress\/plugins\/seo\/ -->\n<title>Pavimento de Hormig\u00f3n Impreso - Home and Help Construction<\/title>\n<meta name=\"robots\" content=\"index, follow, max-snippet:-1, max-image-preview:large, max-video-preview:-1\" \/>\n<link rel=\"canonical\" href=\"https:\/\/homeandhelp.com\/es\/proyecto-hormigon-impreso\/\" \/>\n<meta property=\"og:locale\" content=\"es_ES\" \/>\n<meta property=\"og:type\" content=\"article\" \/>\n<meta property=\"og:title\" content=\"Pavimento de Hormig\u00f3n Impreso - Home and Help Construction\" \/>\n<meta property=\"og:description\" content=\"Pavimento de Hormig\u00f3n Impreso Para los cambios que nos ped\u00eda el cliente, realizamos una reforma integral de la zona exterior. Se experiment\u00f3 una total transformaci\u00f3n del suelo cambiando el existente por un pavimento de hormig\u00f3n impreso acabado con barniz mate. Tambi\u00e9n se buscaba cambiar la entrada a la vivienda, y para ello, nuestro equipo de [&hellip;]\" \/>\n<meta property=\"og:url\" content=\"https:\/\/homeandhelp.com\/es\/proyecto-hormigon-impreso\/\" \/>\n<meta property=\"og:site_name\" content=\"Home and Help Construction\" \/>\n<meta property=\"article:modified_time\" content=\"2020-10-02T10:34:11+00:00\" \/>\n<meta property=\"og:image\" content=\"http:\/\/homeandhelp.com\/wp-content\/uploads\/2019\/03\/pavimento-de-hormigon-impreso.jpg\" \/>\n<meta name=\"twitter:card\" content=\"summary_large_image\" \/>\n<meta name=\"twitter:label1\" content=\"Tiempo de lectura\" \/>\n\t<meta name=\"twitter:data1\" content=\"1 minuto\" \/>\n<script type=\"application\/ld+json\" class=\"yoast-schema-graph\">{\"@context\":\"https:\/\/schema.org\",\"@graph\":[{\"@type\":\"WebPage\",\"@id\":\"https:\/\/homeandhelp.com\/es\/proyecto-hormigon-impreso\/\",\"url\":\"https:\/\/homeandhelp.com\/es\/proyecto-hormigon-impreso\/\",\"name\":\"Pavimento de Hormig\u00f3n Impreso - Home and Help Construction\",\"isPartOf\":{\"@id\":\"https:\/\/homeandhelp.com\/es\/#website\"},\"primaryImageOfPage\":{\"@id\":\"https:\/\/homeandhelp.com\/es\/proyecto-hormigon-impreso\/#primaryimage\"},\"image\":{\"@id\":\"https:\/\/homeandhelp.com\/es\/proyecto-hormigon-impreso\/#primaryimage\"},\"thumbnailUrl\":\"http:\/\/homeandhelp.com\/wp-content\/uploads\/2019\/03\/pavimento-de-hormigon-impreso.jpg\",\"datePublished\":\"2019-03-26T20:46:00+00:00\",\"dateModified\":\"2020-10-02T10:34:11+00:00\",\"breadcrumb\":{\"@id\":\"https:\/\/homeandhelp.com\/es\/proyecto-hormigon-impreso\/#breadcrumb\"},\"inLanguage\":\"es\",\"potentialAction\":[{\"@type\":\"ReadAction\",\"target\":[\"https:\/\/homeandhelp.com\/es\/proyecto-hormigon-impreso\/\"]}]},{\"@type\":\"ImageObject\",\"inLanguage\":\"es\",\"@id\":\"https:\/\/homeandhelp.com\/es\/proyecto-hormigon-impreso\/#primaryimage\",\"url\":\"http:\/\/homeandhelp.com\/wp-content\/uploads\/2019\/03\/pavimento-de-hormigon-impreso.jpg\",\"contentUrl\":\"http:\/\/homeandhelp.com\/wp-content\/uploads\/2019\/03\/pavimento-de-hormigon-impreso.jpg\"},{\"@type\":\"BreadcrumbList\",\"@id\":\"https:\/\/homeandhelp.com\/es\/proyecto-hormigon-impreso\/#breadcrumb\",\"itemListElement\":[{\"@type\":\"ListItem\",\"position\":1,\"name\":\"Portada\",\"item\":\"https:\/\/homeandhelp.com\/es\/\"},{\"@type\":\"ListItem\",\"position\":2,\"name\":\"Pavimento de Hormig\u00f3n Impreso\"}]},{\"@type\":\"WebSite\",\"@id\":\"https:\/\/homeandhelp.com\/es\/#website\",\"url\":\"https:\/\/homeandhelp.com\/es\/\",\"name\":\"Home and Help Construction\",\"description\":\"\",\"publisher\":{\"@id\":\"https:\/\/homeandhelp.com\/es\/#organization\"},\"potentialAction\":[{\"@type\":\"SearchAction\",\"target\":{\"@type\":\"EntryPoint\",\"urlTemplate\":\"https:\/\/homeandhelp.com\/es\/?s={search_term_string}\"},\"query-input\":{\"@type\":\"PropertyValueSpecification\",\"valueRequired\":true,\"valueName\":\"search_term_string\"}}],\"inLanguage\":\"es\"},{\"@type\":\"Organization\",\"@id\":\"https:\/\/homeandhelp.com\/es\/#organization\",\"name\":\"Home and Help Construction\",\"url\":\"https:\/\/homeandhelp.com\/es\/\",\"logo\":{\"@type\":\"ImageObject\",\"inLanguage\":\"es\",\"@id\":\"https:\/\/homeandhelp.com\/es\/#\/schema\/logo\/image\/\",\"url\":\"https:\/\/homeandhelp.com\/wp-content\/uploads\/2019\/03\/Home-Help-Construction-Logo.png\",\"contentUrl\":\"https:\/\/homeandhelp.com\/wp-content\/uploads\/2019\/03\/Home-Help-Construction-Logo.png\",\"width\":253,\"height\":144,\"caption\":\"Home and Help Construction\"},\"image\":{\"@id\":\"https:\/\/homeandhelp.com\/es\/#\/schema\/logo\/image\/\"}}]}<\/script>\n<!-- \/ Yoast SEO plugin. -->","yoast_head_json":{"title":"Pavimento de Hormig\u00f3n Impreso - Home and Help Construction","robots":{"index":"index","follow":"follow","max-snippet":"max-snippet:-1","max-image-preview":"max-image-preview:large","max-video-preview":"max-video-preview:-1"},"canonical":"https:\/\/homeandhelp.com\/es\/proyecto-hormigon-impreso\/","og_locale":"es_ES","og_type":"article","og_title":"Pavimento de Hormig\u00f3n Impreso - Home and Help Construction","og_description":"Pavimento de Hormig\u00f3n Impreso Para los cambios que nos ped\u00eda el cliente, realizamos una reforma integral de la zona exterior. Se experiment\u00f3 una total transformaci\u00f3n del suelo cambiando el existente por un pavimento de hormig\u00f3n impreso acabado con barniz mate. Tambi\u00e9n se buscaba cambiar la entrada a la vivienda, y para ello, nuestro equipo de [&hellip;]","og_url":"https:\/\/homeandhelp.com\/es\/proyecto-hormigon-impreso\/","og_site_name":"Home and Help Construction","article_modified_time":"2020-10-02T10:34:11+00:00","og_image":[{"url":"http:\/\/homeandhelp.com\/wp-content\/uploads\/2019\/03\/pavimento-de-hormigon-impreso.jpg","type":"","width":"","height":""}],"twitter_card":"summary_large_image","twitter_misc":{"Tiempo de lectura":"1 minuto"},"schema":{"@context":"https:\/\/schema.org","@graph":[{"@type":"WebPage","@id":"https:\/\/homeandhelp.com\/es\/proyecto-hormigon-impreso\/","url":"https:\/\/homeandhelp.com\/es\/proyecto-hormigon-impreso\/","name":"Pavimento de Hormig\u00f3n Impreso - Home and Help Construction","isPartOf":{"@id":"https:\/\/homeandhelp.com\/es\/#website"},"primaryImageOfPage":{"@id":"https:\/\/homeandhelp.com\/es\/proyecto-hormigon-impreso\/#primaryimage"},"image":{"@id":"https:\/\/homeandhelp.com\/es\/proyecto-hormigon-impreso\/#primaryimage"},"thumbnailUrl":"http:\/\/homeandhelp.com\/wp-content\/uploads\/2019\/03\/pavimento-de-hormigon-impreso.jpg","datePublished":"2019-03-26T20:46:00+00:00","dateModified":"2020-10-02T10:34:11+00:00","breadcrumb":{"@id":"https:\/\/homeandhelp.com\/es\/proyecto-hormigon-impreso\/#breadcrumb"},"inLanguage":"es","potentialAction":[{"@type":"ReadAction","target":["https:\/\/homeandhelp.com\/es\/proyecto-hormigon-impreso\/"]}]},{"@type":"ImageObject","inLanguage":"es","@id":"https:\/\/homeandhelp.com\/es\/proyecto-hormigon-impreso\/#primaryimage","url":"http:\/\/homeandhelp.com\/wp-content\/uploads\/2019\/03\/pavimento-de-hormigon-impreso.jpg","contentUrl":"http:\/\/homeandhelp.com\/wp-content\/uploads\/2019\/03\/pavimento-de-hormigon-impreso.jpg"},{"@type":"BreadcrumbList","@id":"https:\/\/homeandhelp.com\/es\/proyecto-hormigon-impreso\/#breadcrumb","itemListElement":[{"@type":"ListItem","position":1,"name":"Portada","item":"https:\/\/homeandhelp.com\/es\/"},{"@type":"ListItem","position":2,"name":"Pavimento de Hormig\u00f3n Impreso"}]},{"@type":"WebSite","@id":"https:\/\/homeandhelp.com\/es\/#website","url":"https:\/\/homeandhelp.com\/es\/","name":"Home and Help Construction","description":"","publisher":{"@id":"https:\/\/homeandhelp.com\/es\/#organization"},"potentialAction":[{"@type":"SearchAction","target":{"@type":"EntryPoint","urlTemplate":"https:\/\/homeandhelp.com\/es\/?s={search_term_string}"},"query-input":{"@type":"PropertyValueSpecification","valueRequired":true,"valueName":"search_term_string"}}],"inLanguage":"es"},{"@type":"Organization","@id":"https:\/\/homeandhelp.com\/es\/#organization","name":"Home and Help Construction","url":"https:\/\/homeandhelp.com\/es\/","logo":{"@type":"ImageObject","inLanguage":"es","@id":"https:\/\/homeandhelp.com\/es\/#\/schema\/logo\/image\/","url":"https:\/\/homeandhelp.com\/wp-content\/uploads\/2019\/03\/Home-Help-Construction-Logo.png","contentUrl":"https:\/\/homeandhelp.com\/wp-content\/uploads\/2019\/03\/Home-Help-Construction-Logo.png","width":253,"height":144,"caption":"Home and Help Construction"},"image":{"@id":"https:\/\/homeandhelp.com\/es\/#\/schema\/logo\/image\/"}}]}},"_links":{"self":[{"href":"https:\/\/homeandhelp.com\/es\/wp-json\/wp\/v2\/pages\/1524","targetHints":{"allow":["GET"]}}],"collection":[{"href":"https:\/\/homeandhelp.com\/es\/wp-json\/wp\/v2\/pages"}],"about":[{"href":"https:\/\/homeandhelp.com\/es\/wp-json\/wp\/v2\/types\/page"}],"author":[{"embeddable":true,"href":"https:\/\/homeandhelp.com\/es\/wp-json\/wp\/v2\/users\/1"}],"replies":[{"embeddable":true,"href":"https:\/\/homeandhelp.com\/es\/wp-json\/wp\/v2\/comments?post=1524"}],"version-history":[{"count":2,"href":"https:\/\/homeandhelp.com\/es\/wp-json\/wp\/v2\/pages\/1524\/revisions"}],"predecessor-version":[{"id":3628,"href":"https:\/\/homeandhelp.com\/es\/wp-json\/wp\/v2\/pages\/1524\/revisions\/3628"}],"wp:attachment":[{"href":"https:\/\/homeandhelp.com\/es\/wp-json\/wp\/v2\/media?parent=1524"}],"curies":[{"name":"wp","href":"https:\/\/api.w.org\/{rel}","templated":true}]}}