{"id":1509,"date":"2019-03-26T21:33:11","date_gmt":"2019-03-26T20:33:11","guid":{"rendered":"http:\/\/homeandhelp.com\/?page_id=1509"},"modified":"2020-10-02T12:34:13","modified_gmt":"2020-10-02T10:34:13","slug":"proyecto-restauracion-fachadas","status":"publish","type":"page","link":"https:\/\/homeandhelp.com\/es\/proyecto-restauracion-fachadas\/","title":{"rendered":"Restauraci\u00f3n de Fachadas"},"content":{"rendered":"\t\t<div data-elementor-type=\"wp-post\" data-elementor-id=\"1509\" class=\"elementor elementor-1509\" data-elementor-post-type=\"page\">\n\t\t\t\t\t\t<section class=\"elementor-section elementor-top-section elementor-element elementor-element-6130515 elementor-section-boxed elementor-section-height-default elementor-section-height-default\" data-id=\"6130515\" data-element_type=\"section\" data-settings=\"{&quot;background_background&quot;:&quot;classic&quot;,&quot;jet_parallax_layout_list&quot;:[]}\">\n\t\t\t\t\t\t<div class=\"elementor-container elementor-column-gap-default\">\n\t\t\t\t\t<div class=\"elementor-column elementor-col-100 elementor-top-column elementor-element elementor-element-987b15e\" data-id=\"987b15e\" data-element_type=\"column\" data-settings=\"{&quot;background_background&quot;:&quot;classic&quot;}\">\n\t\t\t<div class=\"elementor-widget-wrap elementor-element-populated\">\n\t\t\t\t\t\t<div class=\"elementor-element elementor-element-4627c26 elementor-widget elementor-widget-spacer\" data-id=\"4627c26\" data-element_type=\"widget\" data-widget_type=\"spacer.default\">\n\t\t\t\t<div class=\"elementor-widget-container\">\n\t\t\t\t\t\t\t<div class=\"elementor-spacer\">\n\t\t\t<div class=\"elementor-spacer-inner\"><\/div>\n\t\t<\/div>\n\t\t\t\t\t\t<\/div>\n\t\t\t\t<\/div>\n\t\t\t\t<div class=\"elementor-element elementor-element-7252dbc elementor-widget elementor-widget-heading\" data-id=\"7252dbc\" data-element_type=\"widget\" data-widget_type=\"heading.default\">\n\t\t\t\t<div class=\"elementor-widget-container\">\n\t\t\t\t\t<h3 class=\"elementor-heading-title elementor-size-default\">Restauraci\u00f3n de Fachadas\n<\/h3>\t\t\t\t<\/div>\n\t\t\t\t<\/div>\n\t\t\t\t<div class=\"elementor-element elementor-element-ce14d83 elementor-widget elementor-widget-text-editor\" data-id=\"ce14d83\" data-element_type=\"widget\" data-widget_type=\"text-editor.default\">\n\t\t\t\t<div class=\"elementor-widget-container\">\n\t\t\t\t\t\t\t\t\t<p>Las fachadas con el paso de los a\u00f1os sufren un deterioro provocado por la suciedad y la mala calidad de los materiales utilizados para su construcci\u00f3n. Para conseguir una mejor apariencia realizamos varios tipos de trabajos que pueden mejorar considerablemente el aspecto de las mismas. Entre los trabajos que realizamos se encuentran:<\/p><ul><li>Limpieza de la fachada.<\/li><li>Pintar la fachada mediante andamios o trabajos verticales.<\/li><li>Reparaci\u00f3n de desperfectos y grietas.<\/li><li>Revestimiento de fachada con azulejos, m\u00e1rmol y piedra natural.<\/li><\/ul><div><p>Es importante la elecci\u00f3n de los materiales, aunque sean m\u00e1s caros. Es fundamental que adem\u00e1s de ser de calidad sean los que mejor se adapten a la zona donde se encuentre la fachada porque a largo plazo ser\u00e1n mucho m\u00e1s baratos que la utilizaci\u00f3n de materiales inadecuados que har\u00e1n tener que volver a restaurar la fachada en poco tiempo.<\/p><\/div>\t\t\t\t\t\t\t\t<\/div>\n\t\t\t\t<\/div>\n\t\t\t\t<div class=\"elementor-element elementor-element-8cefb7c elementor-widget elementor-widget-image\" data-id=\"8cefb7c\" data-element_type=\"widget\" data-widget_type=\"image.default\">\n\t\t\t\t<div class=\"elementor-widget-container\">\n\t\t\t\t\t\t\t\t\t\t\t\t\t\t\t<img fetchpriority=\"high\" decoding=\"async\" width=\"815\" height=\"465\" src=\"https:\/\/homeandhelp.com\/wp-content\/uploads\/2019\/03\/restauracion-fachadas.jpg\" class=\"attachment-large size-large wp-image-1513\" alt=\"Restauracion Fachadas\" srcset=\"https:\/\/homeandhelp.com\/wp-content\/uploads\/2019\/03\/restauracion-fachadas.jpg 815w, https:\/\/homeandhelp.com\/wp-content\/uploads\/2019\/03\/restauracion-fachadas-300x171.jpg 300w, https:\/\/homeandhelp.com\/wp-content\/uploads\/2019\/03\/restauracion-fachadas-768x438.jpg 768w\" sizes=\"(max-width: 815px) 100vw, 815px\" \/>\t\t\t\t\t\t\t\t\t\t\t\t\t\t\t<\/div>\n\t\t\t\t<\/div>\n\t\t\t\t\t<\/div>\n\t\t<\/div>\n\t\t\t\t\t<\/div>\n\t\t<\/section>\n\t\t\t\t<section class=\"elementor-section elementor-top-section elementor-element elementor-element-5b28ce8 elementor-section-boxed elementor-section-height-default elementor-section-height-default\" data-id=\"5b28ce8\" data-element_type=\"section\" data-settings=\"{&quot;jet_parallax_layout_list&quot;:[]}\">\n\t\t\t\t\t\t<div class=\"elementor-container elementor-column-gap-default\">\n\t\t\t\t\t<div class=\"elementor-column elementor-col-100 elementor-top-column elementor-element elementor-element-c5b0613\" data-id=\"c5b0613\" data-element_type=\"column\">\n\t\t\t<div class=\"elementor-widget-wrap elementor-element-populated\">\n\t\t\t\t    <style>\n      .elementor-control-bwg_view_type_shortcode .elementor-control-input-wrapper,\n      .elementor-control-bwg_elementor_shortcode input {\n        visibility: hidden;\n      }\n      .elementor-control-bwg_elementor_shortcode input {\n        height: 0;\n      }\n      .elementor-control a.bwg-shortcode-btn {\n        text-decoration: none;\n        border-bottom:none;\n      }\n    <\/style>\n    \t\t\t<\/div>\n\t\t<\/div>\n\t\t\t\t\t<\/div>\n\t\t<\/section>\n\t\t\t\t<section class=\"elementor-section elementor-top-section elementor-element elementor-element-120dde1 elementor-section-boxed elementor-section-height-default elementor-section-height-default\" data-id=\"120dde1\" data-element_type=\"section\" data-settings=\"{&quot;jet_parallax_layout_list&quot;:[]}\">\n\t\t\t\t\t\t<div class=\"elementor-container elementor-column-gap-default\">\n\t\t\t\t\t<div class=\"elementor-column elementor-col-100 elementor-top-column elementor-element elementor-element-c7539ca\" data-id=\"c7539ca\" data-element_type=\"column\">\n\t\t\t<div class=\"elementor-widget-wrap elementor-element-populated\">\n\t\t\t\t\t\t<div class=\"elementor-element elementor-element-278dee5 elementor-widget elementor-widget-heading\" data-id=\"278dee5\" data-element_type=\"widget\" data-widget_type=\"heading.default\">\n\t\t\t\t<div class=\"elementor-widget-container\">\n\t\t\t\t\t<h4 class=\"elementor-heading-title elementor-size-default\">\u00a1Conf\u00eda en una empresa especialista en la renovaci\u00f3n de fachadas!<\/h4>\t\t\t\t<\/div>\n\t\t\t\t<\/div>\n\t\t\t\t<div class=\"elementor-element elementor-element-c74ea68 elementor-widget elementor-widget-spacer\" data-id=\"c74ea68\" data-element_type=\"widget\" data-widget_type=\"spacer.default\">\n\t\t\t\t<div class=\"elementor-widget-container\">\n\t\t\t\t\t\t\t<div class=\"elementor-spacer\">\n\t\t\t<div class=\"elementor-spacer-inner\"><\/div>\n\t\t<\/div>\n\t\t\t\t\t\t<\/div>\n\t\t\t\t<\/div>\n\t\t\t\t\t<\/div>\n\t\t<\/div>\n\t\t\t\t\t<\/div>\n\t\t<\/section>\n\t\t\t\t<section class=\"elementor-section elementor-top-section elementor-element elementor-element-4909564 elementor-section-boxed elementor-section-height-default elementor-section-height-default\" data-id=\"4909564\" data-element_type=\"section\" data-settings=\"{&quot;jet_parallax_layout_list&quot;:[]}\">\n\t\t\t\t\t\t<div class=\"elementor-container elementor-column-gap-default\">\n\t\t\t\t\t<div class=\"elementor-column elementor-col-100 elementor-top-column elementor-element elementor-element-f1e22f3\" data-id=\"f1e22f3\" data-element_type=\"column\">\n\t\t\t<div class=\"elementor-widget-wrap\">\n\t\t\t\t\t\t\t<\/div>\n\t\t<\/div>\n\t\t\t\t\t<\/div>\n\t\t<\/section>\n\t\t\t\t<section class=\"elementor-section elementor-top-section elementor-element elementor-element-3fda6c9 elementor-section-boxed elementor-section-height-default elementor-section-height-default\" data-id=\"3fda6c9\" data-element_type=\"section\" data-settings=\"{&quot;background_background&quot;:&quot;classic&quot;,&quot;jet_parallax_layout_list&quot;:[]}\">\n\t\t\t\t\t\t<div class=\"elementor-container elementor-column-gap-default\">\n\t\t\t\t\t<div class=\"elementor-column elementor-col-100 elementor-top-column elementor-element elementor-element-9993a27\" data-id=\"9993a27\" data-element_type=\"column\">\n\t\t\t<div class=\"elementor-widget-wrap elementor-element-populated\">\n\t\t\t\t\t\t<section class=\"elementor-section elementor-inner-section elementor-element elementor-element-6482d98 elementor-section-boxed elementor-section-height-default elementor-section-height-default\" data-id=\"6482d98\" data-element_type=\"section\" data-settings=\"{&quot;jet_parallax_layout_list&quot;:[]}\">\n\t\t\t\t\t\t<div class=\"elementor-container elementor-column-gap-default\">\n\t\t\t\t\t<div class=\"elementor-column elementor-col-100 elementor-inner-column elementor-element elementor-element-6962492\" data-id=\"6962492\" data-element_type=\"column\">\n\t\t\t<div class=\"elementor-widget-wrap elementor-element-populated\">\n\t\t\t\t\t\t<div class=\"elementor-element elementor-element-41a1469 elementor-widget elementor-widget-image\" data-id=\"41a1469\" data-element_type=\"widget\" data-widget_type=\"image.default\">\n\t\t\t\t<div class=\"elementor-widget-container\">\n\t\t\t\t\t\t\t\t\t\t\t\t\t\t\t<img decoding=\"async\" width=\"253\" height=\"144\" src=\"https:\/\/homeandhelp.com\/wp-content\/uploads\/2019\/03\/Home-Help-Construction-Logo.png\" class=\"attachment-large size-large wp-image-911\" alt=\"Home and Help Construction\" \/>\t\t\t\t\t\t\t\t\t\t\t\t\t\t\t<\/div>\n\t\t\t\t<\/div>\n\t\t\t\t\t<\/div>\n\t\t<\/div>\n\t\t\t\t\t<\/div>\n\t\t<\/section>\n\t\t\t\t\t<\/div>\n\t\t<\/div>\n\t\t\t\t\t<\/div>\n\t\t<\/section>\n\t\t\t\t<\/div>\n\t\t","protected":false},"excerpt":{"rendered":"<p>Restauraci\u00f3n de Fachadas Las fachadas con el paso de los a\u00f1os sufren un deterioro provocado por la suciedad y la mala calidad de los materiales utilizados para su construcci\u00f3n. Para conseguir una mejor apariencia realizamos varios tipos de trabajos que pueden mejorar considerablemente el aspecto de las mismas. Entre los trabajos que realizamos se encuentran: [&hellip;]<\/p>\n","protected":false},"author":1,"featured_media":0,"parent":0,"menu_order":0,"comment_status":"closed","ping_status":"closed","template":"","meta":{"site-sidebar-layout":"no-sidebar","site-content-layout":"page-builder","ast-site-content-layout":"default","site-content-style":"default","site-sidebar-style":"default","ast-global-header-display":"","ast-banner-title-visibility":"","ast-main-header-display":"","ast-hfb-above-header-display":"","ast-hfb-below-header-display":"","ast-hfb-mobile-header-display":"","site-post-title":"disabled","ast-breadcrumbs-content":"","ast-featured-img":"disabled","footer-sml-layout":"","theme-transparent-header-meta":"default","adv-header-id-meta":"","stick-header-meta":"","header-above-stick-meta":"","header-main-stick-meta":"","header-below-stick-meta":"","astra-migrate-meta-layouts":"default","ast-page-background-enabled":"default","ast-page-background-meta":{"desktop":{"background-color":"var(--ast-global-color-4)","background-image":"","background-repeat":"repeat","background-position":"center center","background-size":"auto","background-attachment":"scroll","background-type":"","background-media":"","overlay-type":"","overlay-color":"","overlay-opacity":"","overlay-gradient":""},"tablet":{"background-color":"","background-image":"","background-repeat":"repeat","background-position":"center center","background-size":"auto","background-attachment":"scroll","background-type":"","background-media":"","overlay-type":"","overlay-color":"","overlay-opacity":"","overlay-gradient":""},"mobile":{"background-color":"","background-image":"","background-repeat":"repeat","background-position":"center center","background-size":"auto","background-attachment":"scroll","background-type":"","background-media":"","overlay-type":"","overlay-color":"","overlay-opacity":"","overlay-gradient":""}},"ast-content-background-meta":{"desktop":{"background-color":"var(--ast-global-color-5)","background-image":"","background-repeat":"repeat","background-position":"center center","background-size":"auto","background-attachment":"scroll","background-type":"","background-media":"","overlay-type":"","overlay-color":"","overlay-opacity":"","overlay-gradient":""},"tablet":{"background-color":"var(--ast-global-color-5)","background-image":"","background-repeat":"repeat","background-position":"center center","background-size":"auto","background-attachment":"scroll","background-type":"","background-media":"","overlay-type":"","overlay-color":"","overlay-opacity":"","overlay-gradient":""},"mobile":{"background-color":"var(--ast-global-color-5)","background-image":"","background-repeat":"repeat","background-position":"center center","background-size":"auto","background-attachment":"scroll","background-type":"","background-media":"","overlay-type":"","overlay-color":"","overlay-opacity":"","overlay-gradient":""}},"_joinchat":[],"footnotes":""},"class_list":["post-1509","page","type-page","status-publish","hentry"],"yoast_head":"<!-- This site is optimized with the Yoast SEO plugin v25.9 - https:\/\/yoast.com\/wordpress\/plugins\/seo\/ -->\n<title>Restauraci\u00f3n de Fachadas - Home and Help Construction<\/title>\n<meta name=\"robots\" content=\"index, follow, max-snippet:-1, max-image-preview:large, max-video-preview:-1\" \/>\n<link rel=\"canonical\" href=\"https:\/\/homeandhelp.com\/es\/proyecto-restauracion-fachadas\/\" \/>\n<meta property=\"og:locale\" content=\"es_ES\" \/>\n<meta property=\"og:type\" content=\"article\" \/>\n<meta property=\"og:title\" content=\"Restauraci\u00f3n de Fachadas - Home and Help Construction\" \/>\n<meta property=\"og:description\" content=\"Restauraci\u00f3n de Fachadas Las fachadas con el paso de los a\u00f1os sufren un deterioro provocado por la suciedad y la mala calidad de los materiales utilizados para su construcci\u00f3n. Para conseguir una mejor apariencia realizamos varios tipos de trabajos que pueden mejorar considerablemente el aspecto de las mismas. Entre los trabajos que realizamos se encuentran: [&hellip;]\" \/>\n<meta property=\"og:url\" content=\"https:\/\/homeandhelp.com\/es\/proyecto-restauracion-fachadas\/\" \/>\n<meta property=\"og:site_name\" content=\"Home and Help Construction\" \/>\n<meta property=\"article:modified_time\" content=\"2020-10-02T10:34:13+00:00\" \/>\n<meta property=\"og:image\" content=\"http:\/\/homeandhelp.com\/wp-content\/uploads\/2019\/03\/restauracion-fachadas.jpg\" \/>\n<meta name=\"twitter:card\" content=\"summary_large_image\" \/>\n<meta name=\"twitter:label1\" content=\"Tiempo de lectura\" \/>\n\t<meta name=\"twitter:data1\" content=\"1 minuto\" \/>\n<script type=\"application\/ld+json\" class=\"yoast-schema-graph\">{\"@context\":\"https:\/\/schema.org\",\"@graph\":[{\"@type\":\"WebPage\",\"@id\":\"https:\/\/homeandhelp.com\/es\/proyecto-restauracion-fachadas\/\",\"url\":\"https:\/\/homeandhelp.com\/es\/proyecto-restauracion-fachadas\/\",\"name\":\"Restauraci\u00f3n de Fachadas - Home and Help Construction\",\"isPartOf\":{\"@id\":\"https:\/\/homeandhelp.com\/es\/#website\"},\"primaryImageOfPage\":{\"@id\":\"https:\/\/homeandhelp.com\/es\/proyecto-restauracion-fachadas\/#primaryimage\"},\"image\":{\"@id\":\"https:\/\/homeandhelp.com\/es\/proyecto-restauracion-fachadas\/#primaryimage\"},\"thumbnailUrl\":\"http:\/\/homeandhelp.com\/wp-content\/uploads\/2019\/03\/restauracion-fachadas.jpg\",\"datePublished\":\"2019-03-26T20:33:11+00:00\",\"dateModified\":\"2020-10-02T10:34:13+00:00\",\"breadcrumb\":{\"@id\":\"https:\/\/homeandhelp.com\/es\/proyecto-restauracion-fachadas\/#breadcrumb\"},\"inLanguage\":\"es\",\"potentialAction\":[{\"@type\":\"ReadAction\",\"target\":[\"https:\/\/homeandhelp.com\/es\/proyecto-restauracion-fachadas\/\"]}]},{\"@type\":\"ImageObject\",\"inLanguage\":\"es\",\"@id\":\"https:\/\/homeandhelp.com\/es\/proyecto-restauracion-fachadas\/#primaryimage\",\"url\":\"http:\/\/homeandhelp.com\/wp-content\/uploads\/2019\/03\/restauracion-fachadas.jpg\",\"contentUrl\":\"http:\/\/homeandhelp.com\/wp-content\/uploads\/2019\/03\/restauracion-fachadas.jpg\"},{\"@type\":\"BreadcrumbList\",\"@id\":\"https:\/\/homeandhelp.com\/es\/proyecto-restauracion-fachadas\/#breadcrumb\",\"itemListElement\":[{\"@type\":\"ListItem\",\"position\":1,\"name\":\"Portada\",\"item\":\"https:\/\/homeandhelp.com\/es\/\"},{\"@type\":\"ListItem\",\"position\":2,\"name\":\"Restauraci\u00f3n de Fachadas\"}]},{\"@type\":\"WebSite\",\"@id\":\"https:\/\/homeandhelp.com\/es\/#website\",\"url\":\"https:\/\/homeandhelp.com\/es\/\",\"name\":\"Home and Help Construction\",\"description\":\"\",\"publisher\":{\"@id\":\"https:\/\/homeandhelp.com\/es\/#organization\"},\"potentialAction\":[{\"@type\":\"SearchAction\",\"target\":{\"@type\":\"EntryPoint\",\"urlTemplate\":\"https:\/\/homeandhelp.com\/es\/?s={search_term_string}\"},\"query-input\":{\"@type\":\"PropertyValueSpecification\",\"valueRequired\":true,\"valueName\":\"search_term_string\"}}],\"inLanguage\":\"es\"},{\"@type\":\"Organization\",\"@id\":\"https:\/\/homeandhelp.com\/es\/#organization\",\"name\":\"Home and Help Construction\",\"url\":\"https:\/\/homeandhelp.com\/es\/\",\"logo\":{\"@type\":\"ImageObject\",\"inLanguage\":\"es\",\"@id\":\"https:\/\/homeandhelp.com\/es\/#\/schema\/logo\/image\/\",\"url\":\"https:\/\/homeandhelp.com\/wp-content\/uploads\/2019\/03\/Home-Help-Construction-Logo.png\",\"contentUrl\":\"https:\/\/homeandhelp.com\/wp-content\/uploads\/2019\/03\/Home-Help-Construction-Logo.png\",\"width\":253,\"height\":144,\"caption\":\"Home and Help Construction\"},\"image\":{\"@id\":\"https:\/\/homeandhelp.com\/es\/#\/schema\/logo\/image\/\"}}]}<\/script>\n<!-- \/ Yoast SEO plugin. -->","yoast_head_json":{"title":"Restauraci\u00f3n de Fachadas - Home and Help Construction","robots":{"index":"index","follow":"follow","max-snippet":"max-snippet:-1","max-image-preview":"max-image-preview:large","max-video-preview":"max-video-preview:-1"},"canonical":"https:\/\/homeandhelp.com\/es\/proyecto-restauracion-fachadas\/","og_locale":"es_ES","og_type":"article","og_title":"Restauraci\u00f3n de Fachadas - Home and Help Construction","og_description":"Restauraci\u00f3n de Fachadas Las fachadas con el paso de los a\u00f1os sufren un deterioro provocado por la suciedad y la mala calidad de los materiales utilizados para su construcci\u00f3n. Para conseguir una mejor apariencia realizamos varios tipos de trabajos que pueden mejorar considerablemente el aspecto de las mismas. Entre los trabajos que realizamos se encuentran: [&hellip;]","og_url":"https:\/\/homeandhelp.com\/es\/proyecto-restauracion-fachadas\/","og_site_name":"Home and Help Construction","article_modified_time":"2020-10-02T10:34:13+00:00","og_image":[{"url":"http:\/\/homeandhelp.com\/wp-content\/uploads\/2019\/03\/restauracion-fachadas.jpg","type":"","width":"","height":""}],"twitter_card":"summary_large_image","twitter_misc":{"Tiempo de lectura":"1 minuto"},"schema":{"@context":"https:\/\/schema.org","@graph":[{"@type":"WebPage","@id":"https:\/\/homeandhelp.com\/es\/proyecto-restauracion-fachadas\/","url":"https:\/\/homeandhelp.com\/es\/proyecto-restauracion-fachadas\/","name":"Restauraci\u00f3n de Fachadas - Home and Help Construction","isPartOf":{"@id":"https:\/\/homeandhelp.com\/es\/#website"},"primaryImageOfPage":{"@id":"https:\/\/homeandhelp.com\/es\/proyecto-restauracion-fachadas\/#primaryimage"},"image":{"@id":"https:\/\/homeandhelp.com\/es\/proyecto-restauracion-fachadas\/#primaryimage"},"thumbnailUrl":"http:\/\/homeandhelp.com\/wp-content\/uploads\/2019\/03\/restauracion-fachadas.jpg","datePublished":"2019-03-26T20:33:11+00:00","dateModified":"2020-10-02T10:34:13+00:00","breadcrumb":{"@id":"https:\/\/homeandhelp.com\/es\/proyecto-restauracion-fachadas\/#breadcrumb"},"inLanguage":"es","potentialAction":[{"@type":"ReadAction","target":["https:\/\/homeandhelp.com\/es\/proyecto-restauracion-fachadas\/"]}]},{"@type":"ImageObject","inLanguage":"es","@id":"https:\/\/homeandhelp.com\/es\/proyecto-restauracion-fachadas\/#primaryimage","url":"http:\/\/homeandhelp.com\/wp-content\/uploads\/2019\/03\/restauracion-fachadas.jpg","contentUrl":"http:\/\/homeandhelp.com\/wp-content\/uploads\/2019\/03\/restauracion-fachadas.jpg"},{"@type":"BreadcrumbList","@id":"https:\/\/homeandhelp.com\/es\/proyecto-restauracion-fachadas\/#breadcrumb","itemListElement":[{"@type":"ListItem","position":1,"name":"Portada","item":"https:\/\/homeandhelp.com\/es\/"},{"@type":"ListItem","position":2,"name":"Restauraci\u00f3n de Fachadas"}]},{"@type":"WebSite","@id":"https:\/\/homeandhelp.com\/es\/#website","url":"https:\/\/homeandhelp.com\/es\/","name":"Home and Help Construction","description":"","publisher":{"@id":"https:\/\/homeandhelp.com\/es\/#organization"},"potentialAction":[{"@type":"SearchAction","target":{"@type":"EntryPoint","urlTemplate":"https:\/\/homeandhelp.com\/es\/?s={search_term_string}"},"query-input":{"@type":"PropertyValueSpecification","valueRequired":true,"valueName":"search_term_string"}}],"inLanguage":"es"},{"@type":"Organization","@id":"https:\/\/homeandhelp.com\/es\/#organization","name":"Home and Help Construction","url":"https:\/\/homeandhelp.com\/es\/","logo":{"@type":"ImageObject","inLanguage":"es","@id":"https:\/\/homeandhelp.com\/es\/#\/schema\/logo\/image\/","url":"https:\/\/homeandhelp.com\/wp-content\/uploads\/2019\/03\/Home-Help-Construction-Logo.png","contentUrl":"https:\/\/homeandhelp.com\/wp-content\/uploads\/2019\/03\/Home-Help-Construction-Logo.png","width":253,"height":144,"caption":"Home and Help Construction"},"image":{"@id":"https:\/\/homeandhelp.com\/es\/#\/schema\/logo\/image\/"}}]}},"_links":{"self":[{"href":"https:\/\/homeandhelp.com\/es\/wp-json\/wp\/v2\/pages\/1509","targetHints":{"allow":["GET"]}}],"collection":[{"href":"https:\/\/homeandhelp.com\/es\/wp-json\/wp\/v2\/pages"}],"about":[{"href":"https:\/\/homeandhelp.com\/es\/wp-json\/wp\/v2\/types\/page"}],"author":[{"embeddable":true,"href":"https:\/\/homeandhelp.com\/es\/wp-json\/wp\/v2\/users\/1"}],"replies":[{"embeddable":true,"href":"https:\/\/homeandhelp.com\/es\/wp-json\/wp\/v2\/comments?post=1509"}],"version-history":[{"count":2,"href":"https:\/\/homeandhelp.com\/es\/wp-json\/wp\/v2\/pages\/1509\/revisions"}],"predecessor-version":[{"id":3630,"href":"https:\/\/homeandhelp.com\/es\/wp-json\/wp\/v2\/pages\/1509\/revisions\/3630"}],"wp:attachment":[{"href":"https:\/\/homeandhelp.com\/es\/wp-json\/wp\/v2\/media?parent=1509"}],"curies":[{"name":"wp","href":"https:\/\/api.w.org\/{rel}","templated":true}]}}