{"id":1343,"date":"2019-03-25T21:07:31","date_gmt":"2019-03-25T20:07:31","guid":{"rendered":"http:\/\/homeandhelp.com\/?page_id=1343"},"modified":"2019-07-30T18:07:01","modified_gmt":"2019-07-30T16:07:01","slug":"proyectos","status":"publish","type":"page","link":"https:\/\/homeandhelp.com\/es\/proyectos\/","title":{"rendered":"Proyectos"},"content":{"rendered":"\t\t<div data-elementor-type=\"wp-post\" data-elementor-id=\"1343\" class=\"elementor elementor-1343\" data-elementor-post-type=\"page\">\n\t\t\t\t\t\t<section class=\"elementor-section elementor-top-section elementor-element elementor-element-d84b1e6 elementor-section-boxed elementor-section-height-default elementor-section-height-default\" data-id=\"d84b1e6\" data-element_type=\"section\" data-settings=\"{&quot;jet_parallax_layout_list&quot;:[]}\">\n\t\t\t\t\t\t<div class=\"elementor-container elementor-column-gap-default\">\n\t\t\t\t\t<div class=\"elementor-column elementor-col-33 elementor-top-column elementor-element elementor-element-6c9a377\" data-id=\"6c9a377\" data-element_type=\"column\">\n\t\t\t<div class=\"elementor-widget-wrap\">\n\t\t\t\t\t\t\t<\/div>\n\t\t<\/div>\n\t\t\t\t<div class=\"elementor-column elementor-col-33 elementor-top-column elementor-element elementor-element-9555afb\" data-id=\"9555afb\" data-element_type=\"column\">\n\t\t\t<div class=\"elementor-widget-wrap\">\n\t\t\t\t\t\t\t<\/div>\n\t\t<\/div>\n\t\t\t\t<div class=\"elementor-column elementor-col-33 elementor-top-column elementor-element elementor-element-1f109cd\" data-id=\"1f109cd\" data-element_type=\"column\">\n\t\t\t<div class=\"elementor-widget-wrap\">\n\t\t\t\t\t\t\t<\/div>\n\t\t<\/div>\n\t\t\t\t\t<\/div>\n\t\t<\/section>\n\t\t\t\t<section class=\"elementor-section elementor-top-section elementor-element elementor-element-5ffc9a9 elementor-section-boxed elementor-section-height-default elementor-section-height-default\" data-id=\"5ffc9a9\" data-element_type=\"section\" data-settings=\"{&quot;jet_parallax_layout_list&quot;:[]}\">\n\t\t\t\t\t\t<div class=\"elementor-container elementor-column-gap-default\">\n\t\t\t\t\t<div class=\"elementor-column elementor-col-33 elementor-top-column elementor-element elementor-element-5063dfb\" data-id=\"5063dfb\" data-element_type=\"column\">\n\t\t\t<div class=\"elementor-widget-wrap\">\n\t\t\t\t\t\t\t<\/div>\n\t\t<\/div>\n\t\t\t\t<div class=\"elementor-column elementor-col-33 elementor-top-column elementor-element elementor-element-6c2c634\" data-id=\"6c2c634\" data-element_type=\"column\">\n\t\t\t<div class=\"elementor-widget-wrap\">\n\t\t\t\t\t\t\t<\/div>\n\t\t<\/div>\n\t\t\t\t<div class=\"elementor-column elementor-col-33 elementor-top-column elementor-element elementor-element-edd0741\" data-id=\"edd0741\" data-element_type=\"column\">\n\t\t\t<div class=\"elementor-widget-wrap\">\n\t\t\t\t\t\t\t<\/div>\n\t\t<\/div>\n\t\t\t\t\t<\/div>\n\t\t<\/section>\n\t\t\t\t<section class=\"elementor-section elementor-top-section elementor-element elementor-element-901a146 elementor-section-boxed elementor-section-height-default elementor-section-height-default\" data-id=\"901a146\" data-element_type=\"section\" data-settings=\"{&quot;jet_parallax_layout_list&quot;:[]}\">\n\t\t\t\t\t\t<div class=\"elementor-container elementor-column-gap-default\">\n\t\t\t\t\t<div class=\"elementor-column elementor-col-33 elementor-top-column elementor-element elementor-element-ba68048\" data-id=\"ba68048\" data-element_type=\"column\">\n\t\t\t<div class=\"elementor-widget-wrap\">\n\t\t\t\t\t\t\t<\/div>\n\t\t<\/div>\n\t\t\t\t<div class=\"elementor-column elementor-col-33 elementor-top-column elementor-element elementor-element-f7c44ef\" data-id=\"f7c44ef\" data-element_type=\"column\">\n\t\t\t<div class=\"elementor-widget-wrap\">\n\t\t\t\t\t\t\t<\/div>\n\t\t<\/div>\n\t\t\t\t<div class=\"elementor-column elementor-col-33 elementor-top-column elementor-element elementor-element-26efee7\" data-id=\"26efee7\" data-element_type=\"column\">\n\t\t\t<div class=\"elementor-widget-wrap\">\n\t\t\t\t\t\t\t<\/div>\n\t\t<\/div>\n\t\t\t\t\t<\/div>\n\t\t<\/section>\n\t\t\t\t<section class=\"elementor-section elementor-top-section elementor-element elementor-element-15244cc elementor-section-boxed elementor-section-height-default elementor-section-height-default\" data-id=\"15244cc\" data-element_type=\"section\" data-settings=\"{&quot;background_background&quot;:&quot;classic&quot;,&quot;jet_parallax_layout_list&quot;:[]}\">\n\t\t\t\t\t\t<div class=\"elementor-container elementor-column-gap-default\">\n\t\t\t\t\t<div class=\"elementor-column elementor-col-100 elementor-top-column elementor-element elementor-element-a9db5ed\" data-id=\"a9db5ed\" data-element_type=\"column\">\n\t\t\t<div class=\"elementor-widget-wrap elementor-element-populated\">\n\t\t\t\t\t\t<section class=\"elementor-section elementor-inner-section elementor-element elementor-element-0d6eb96 elementor-section-boxed elementor-section-height-default elementor-section-height-default\" data-id=\"0d6eb96\" data-element_type=\"section\" data-settings=\"{&quot;jet_parallax_layout_list&quot;:[]}\">\n\t\t\t\t\t\t<div class=\"elementor-container elementor-column-gap-default\">\n\t\t\t\t\t<div class=\"elementor-column elementor-col-100 elementor-inner-column elementor-element elementor-element-ad9be81\" data-id=\"ad9be81\" data-element_type=\"column\">\n\t\t\t<div class=\"elementor-widget-wrap elementor-element-populated\">\n\t\t\t\t\t\t<div class=\"elementor-element elementor-element-c8129cd elementor-widget elementor-widget-image\" data-id=\"c8129cd\" data-element_type=\"widget\" data-widget_type=\"image.default\">\n\t\t\t\t<div class=\"elementor-widget-container\">\n\t\t\t\t\t\t\t\t\t\t\t\t\t\t\t<img decoding=\"async\" width=\"253\" height=\"144\" src=\"https:\/\/homeandhelp.com\/wp-content\/uploads\/2019\/03\/Home-Help-Construction-Logo.png\" class=\"attachment-large size-large wp-image-912\" alt=\"Home and Help Construction\" \/>\t\t\t\t\t\t\t\t\t\t\t\t\t\t\t<\/div>\n\t\t\t\t<\/div>\n\t\t\t\t\t<\/div>\n\t\t<\/div>\n\t\t\t\t\t<\/div>\n\t\t<\/section>\n\t\t\t\t\t<\/div>\n\t\t<\/div>\n\t\t\t\t\t<\/div>\n\t\t<\/section>\n\t\t\t\t<\/div>\n\t\t","protected":false},"excerpt":{"rendered":"<p>Cl\u00ednica Dental Estepona Creaci\u00f3n Espacio Terraza Restauraci\u00f3n Pantalanes de Puerto Ban\u00fas Pulido y Abrillantado Dos Villas en Cortijo Blanco Reforma Integral de Cuarto de Ba\u00f1o Pavimento de Hormig\u00f3n Impreso Proyecto de Perlita y Pladur Restauraci\u00f3n de Fachadas Proyectos de Piscinas<\/p>\n","protected":false},"author":1,"featured_media":0,"parent":0,"menu_order":0,"comment_status":"closed","ping_status":"closed","template":"","meta":{"site-sidebar-layout":"no-sidebar","site-content-layout":"page-builder","ast-site-content-layout":"default","site-content-style":"default","site-sidebar-style":"default","ast-global-header-display":"","ast-banner-title-visibility":"","ast-main-header-display":"","ast-hfb-above-header-display":"","ast-hfb-below-header-display":"","ast-hfb-mobile-header-display":"","site-post-title":"disabled","ast-breadcrumbs-content":"","ast-featured-img":"disabled","footer-sml-layout":"","theme-transparent-header-meta":"default","adv-header-id-meta":"","stick-header-meta":"","header-above-stick-meta":"","header-main-stick-meta":"","header-below-stick-meta":"","astra-migrate-meta-layouts":"default","ast-page-background-enabled":"default","ast-page-background-meta":{"desktop":{"background-color":"var(--ast-global-color-4)","background-image":"","background-repeat":"repeat","background-position":"center center","background-size":"auto","background-attachment":"scroll","background-type":"","background-media":"","overlay-type":"","overlay-color":"","overlay-opacity":"","overlay-gradient":""},"tablet":{"background-color":"","background-image":"","background-repeat":"repeat","background-position":"center center","background-size":"auto","background-attachment":"scroll","background-type":"","background-media":"","overlay-type":"","overlay-color":"","overlay-opacity":"","overlay-gradient":""},"mobile":{"background-color":"","background-image":"","background-repeat":"repeat","background-position":"center center","background-size":"auto","background-attachment":"scroll","background-type":"","background-media":"","overlay-type":"","overlay-color":"","overlay-opacity":"","overlay-gradient":""}},"ast-content-background-meta":{"desktop":{"background-color":"var(--ast-global-color-5)","background-image":"","background-repeat":"repeat","background-position":"center center","background-size":"auto","background-attachment":"scroll","background-type":"","background-media":"","overlay-type":"","overlay-color":"","overlay-opacity":"","overlay-gradient":""},"tablet":{"background-color":"var(--ast-global-color-5)","background-image":"","background-repeat":"repeat","background-position":"center center","background-size":"auto","background-attachment":"scroll","background-type":"","background-media":"","overlay-type":"","overlay-color":"","overlay-opacity":"","overlay-gradient":""},"mobile":{"background-color":"var(--ast-global-color-5)","background-image":"","background-repeat":"repeat","background-position":"center center","background-size":"auto","background-attachment":"scroll","background-type":"","background-media":"","overlay-type":"","overlay-color":"","overlay-opacity":"","overlay-gradient":""}},"_joinchat":[],"footnotes":""},"class_list":["post-1343","page","type-page","status-publish","hentry"],"yoast_head":"<!-- This site is optimized with the Yoast SEO plugin v25.9 - https:\/\/yoast.com\/wordpress\/plugins\/seo\/ -->\n<title>Proyectos - Home and Help Construction<\/title>\n<meta name=\"robots\" content=\"index, follow, max-snippet:-1, max-image-preview:large, max-video-preview:-1\" \/>\n<link rel=\"canonical\" href=\"https:\/\/homeandhelp.com\/es\/proyectos\/\" \/>\n<meta property=\"og:locale\" content=\"es_ES\" \/>\n<meta property=\"og:type\" content=\"article\" \/>\n<meta property=\"og:title\" content=\"Proyectos - Home and Help Construction\" \/>\n<meta property=\"og:description\" content=\"Cl\u00ednica Dental Estepona Creaci\u00f3n Espacio Terraza Restauraci\u00f3n Pantalanes de Puerto Ban\u00fas Pulido y Abrillantado Dos Villas en Cortijo Blanco Reforma Integral de Cuarto de Ba\u00f1o Pavimento de Hormig\u00f3n Impreso Proyecto de Perlita y Pladur Restauraci\u00f3n de Fachadas Proyectos de Piscinas\" \/>\n<meta property=\"og:url\" content=\"https:\/\/homeandhelp.com\/es\/proyectos\/\" \/>\n<meta property=\"og:site_name\" content=\"Home and Help Construction\" \/>\n<meta property=\"article:modified_time\" content=\"2019-07-30T16:07:01+00:00\" \/>\n<meta property=\"og:image\" content=\"http:\/\/homeandhelp.com\/wp-content\/uploads\/2019\/03\/clinica-dental-estepona-banner.jpg\" \/>\n<meta name=\"twitter:card\" content=\"summary_large_image\" \/>\n<script type=\"application\/ld+json\" class=\"yoast-schema-graph\">{\"@context\":\"https:\/\/schema.org\",\"@graph\":[{\"@type\":\"WebPage\",\"@id\":\"https:\/\/homeandhelp.com\/es\/proyectos\/\",\"url\":\"https:\/\/homeandhelp.com\/es\/proyectos\/\",\"name\":\"Proyectos - Home and Help Construction\",\"isPartOf\":{\"@id\":\"https:\/\/homeandhelp.com\/es\/#website\"},\"primaryImageOfPage\":{\"@id\":\"https:\/\/homeandhelp.com\/es\/proyectos\/#primaryimage\"},\"image\":{\"@id\":\"https:\/\/homeandhelp.com\/es\/proyectos\/#primaryimage\"},\"thumbnailUrl\":\"http:\/\/homeandhelp.com\/wp-content\/uploads\/2019\/03\/clinica-dental-estepona-banner.jpg\",\"datePublished\":\"2019-03-25T20:07:31+00:00\",\"dateModified\":\"2019-07-30T16:07:01+00:00\",\"breadcrumb\":{\"@id\":\"https:\/\/homeandhelp.com\/es\/proyectos\/#breadcrumb\"},\"inLanguage\":\"es\",\"potentialAction\":[{\"@type\":\"ReadAction\",\"target\":[\"https:\/\/homeandhelp.com\/es\/proyectos\/\"]}]},{\"@type\":\"ImageObject\",\"inLanguage\":\"es\",\"@id\":\"https:\/\/homeandhelp.com\/es\/proyectos\/#primaryimage\",\"url\":\"http:\/\/homeandhelp.com\/wp-content\/uploads\/2019\/03\/clinica-dental-estepona-banner.jpg\",\"contentUrl\":\"http:\/\/homeandhelp.com\/wp-content\/uploads\/2019\/03\/clinica-dental-estepona-banner.jpg\"},{\"@type\":\"BreadcrumbList\",\"@id\":\"https:\/\/homeandhelp.com\/es\/proyectos\/#breadcrumb\",\"itemListElement\":[{\"@type\":\"ListItem\",\"position\":1,\"name\":\"Portada\",\"item\":\"https:\/\/homeandhelp.com\/es\/\"},{\"@type\":\"ListItem\",\"position\":2,\"name\":\"Proyectos\"}]},{\"@type\":\"WebSite\",\"@id\":\"https:\/\/homeandhelp.com\/es\/#website\",\"url\":\"https:\/\/homeandhelp.com\/es\/\",\"name\":\"Home and Help Construction\",\"description\":\"\",\"publisher\":{\"@id\":\"https:\/\/homeandhelp.com\/es\/#organization\"},\"potentialAction\":[{\"@type\":\"SearchAction\",\"target\":{\"@type\":\"EntryPoint\",\"urlTemplate\":\"https:\/\/homeandhelp.com\/es\/?s={search_term_string}\"},\"query-input\":{\"@type\":\"PropertyValueSpecification\",\"valueRequired\":true,\"valueName\":\"search_term_string\"}}],\"inLanguage\":\"es\"},{\"@type\":\"Organization\",\"@id\":\"https:\/\/homeandhelp.com\/es\/#organization\",\"name\":\"Home and Help Construction\",\"url\":\"https:\/\/homeandhelp.com\/es\/\",\"logo\":{\"@type\":\"ImageObject\",\"inLanguage\":\"es\",\"@id\":\"https:\/\/homeandhelp.com\/es\/#\/schema\/logo\/image\/\",\"url\":\"https:\/\/homeandhelp.com\/wp-content\/uploads\/2019\/03\/Home-Help-Construction-Logo.png\",\"contentUrl\":\"https:\/\/homeandhelp.com\/wp-content\/uploads\/2019\/03\/Home-Help-Construction-Logo.png\",\"width\":253,\"height\":144,\"caption\":\"Home and Help Construction\"},\"image\":{\"@id\":\"https:\/\/homeandhelp.com\/es\/#\/schema\/logo\/image\/\"}}]}<\/script>\n<!-- \/ Yoast SEO plugin. -->","yoast_head_json":{"title":"Proyectos - Home and Help Construction","robots":{"index":"index","follow":"follow","max-snippet":"max-snippet:-1","max-image-preview":"max-image-preview:large","max-video-preview":"max-video-preview:-1"},"canonical":"https:\/\/homeandhelp.com\/es\/proyectos\/","og_locale":"es_ES","og_type":"article","og_title":"Proyectos - Home and Help Construction","og_description":"Cl\u00ednica Dental Estepona Creaci\u00f3n Espacio Terraza Restauraci\u00f3n Pantalanes de Puerto Ban\u00fas Pulido y Abrillantado Dos Villas en Cortijo Blanco Reforma Integral de Cuarto de Ba\u00f1o Pavimento de Hormig\u00f3n Impreso Proyecto de Perlita y Pladur Restauraci\u00f3n de Fachadas Proyectos de Piscinas","og_url":"https:\/\/homeandhelp.com\/es\/proyectos\/","og_site_name":"Home and Help Construction","article_modified_time":"2019-07-30T16:07:01+00:00","og_image":[{"url":"http:\/\/homeandhelp.com\/wp-content\/uploads\/2019\/03\/clinica-dental-estepona-banner.jpg","type":"","width":"","height":""}],"twitter_card":"summary_large_image","schema":{"@context":"https:\/\/schema.org","@graph":[{"@type":"WebPage","@id":"https:\/\/homeandhelp.com\/es\/proyectos\/","url":"https:\/\/homeandhelp.com\/es\/proyectos\/","name":"Proyectos - Home and Help Construction","isPartOf":{"@id":"https:\/\/homeandhelp.com\/es\/#website"},"primaryImageOfPage":{"@id":"https:\/\/homeandhelp.com\/es\/proyectos\/#primaryimage"},"image":{"@id":"https:\/\/homeandhelp.com\/es\/proyectos\/#primaryimage"},"thumbnailUrl":"http:\/\/homeandhelp.com\/wp-content\/uploads\/2019\/03\/clinica-dental-estepona-banner.jpg","datePublished":"2019-03-25T20:07:31+00:00","dateModified":"2019-07-30T16:07:01+00:00","breadcrumb":{"@id":"https:\/\/homeandhelp.com\/es\/proyectos\/#breadcrumb"},"inLanguage":"es","potentialAction":[{"@type":"ReadAction","target":["https:\/\/homeandhelp.com\/es\/proyectos\/"]}]},{"@type":"ImageObject","inLanguage":"es","@id":"https:\/\/homeandhelp.com\/es\/proyectos\/#primaryimage","url":"http:\/\/homeandhelp.com\/wp-content\/uploads\/2019\/03\/clinica-dental-estepona-banner.jpg","contentUrl":"http:\/\/homeandhelp.com\/wp-content\/uploads\/2019\/03\/clinica-dental-estepona-banner.jpg"},{"@type":"BreadcrumbList","@id":"https:\/\/homeandhelp.com\/es\/proyectos\/#breadcrumb","itemListElement":[{"@type":"ListItem","position":1,"name":"Portada","item":"https:\/\/homeandhelp.com\/es\/"},{"@type":"ListItem","position":2,"name":"Proyectos"}]},{"@type":"WebSite","@id":"https:\/\/homeandhelp.com\/es\/#website","url":"https:\/\/homeandhelp.com\/es\/","name":"Home and Help Construction","description":"","publisher":{"@id":"https:\/\/homeandhelp.com\/es\/#organization"},"potentialAction":[{"@type":"SearchAction","target":{"@type":"EntryPoint","urlTemplate":"https:\/\/homeandhelp.com\/es\/?s={search_term_string}"},"query-input":{"@type":"PropertyValueSpecification","valueRequired":true,"valueName":"search_term_string"}}],"inLanguage":"es"},{"@type":"Organization","@id":"https:\/\/homeandhelp.com\/es\/#organization","name":"Home and Help Construction","url":"https:\/\/homeandhelp.com\/es\/","logo":{"@type":"ImageObject","inLanguage":"es","@id":"https:\/\/homeandhelp.com\/es\/#\/schema\/logo\/image\/","url":"https:\/\/homeandhelp.com\/wp-content\/uploads\/2019\/03\/Home-Help-Construction-Logo.png","contentUrl":"https:\/\/homeandhelp.com\/wp-content\/uploads\/2019\/03\/Home-Help-Construction-Logo.png","width":253,"height":144,"caption":"Home and Help Construction"},"image":{"@id":"https:\/\/homeandhelp.com\/es\/#\/schema\/logo\/image\/"}}]}},"_links":{"self":[{"href":"https:\/\/homeandhelp.com\/es\/wp-json\/wp\/v2\/pages\/1343","targetHints":{"allow":["GET"]}}],"collection":[{"href":"https:\/\/homeandhelp.com\/es\/wp-json\/wp\/v2\/pages"}],"about":[{"href":"https:\/\/homeandhelp.com\/es\/wp-json\/wp\/v2\/types\/page"}],"author":[{"embeddable":true,"href":"https:\/\/homeandhelp.com\/es\/wp-json\/wp\/v2\/users\/1"}],"replies":[{"embeddable":true,"href":"https:\/\/homeandhelp.com\/es\/wp-json\/wp\/v2\/comments?post=1343"}],"version-history":[{"count":2,"href":"https:\/\/homeandhelp.com\/es\/wp-json\/wp\/v2\/pages\/1343\/revisions"}],"predecessor-version":[{"id":2928,"href":"https:\/\/homeandhelp.com\/es\/wp-json\/wp\/v2\/pages\/1343\/revisions\/2928"}],"wp:attachment":[{"href":"https:\/\/homeandhelp.com\/es\/wp-json\/wp\/v2\/media?parent=1343"}],"curies":[{"name":"wp","href":"https:\/\/api.w.org\/{rel}","templated":true}]}}